{"id":3543,"date":"2022-10-12T15:46:13","date_gmt":"2022-10-12T13:46:13","guid":{"rendered":"http:\/\/old.spabangkok.pl\/?post_type=product&#038;p=3543"},"modified":"2023-11-03T12:01:03","modified_gmt":"2023-11-03T11:01:03","slug":"voucher-podarunkowy-na-pakiet","status":"publish","type":"product","link":"https:\/\/old.spabangkok.pl\/en\/product\/voucher-podarunkowy-na-pakiet\/","title":{"rendered":"Voucher podarunkowy na pakiet"},"content":{"rendered":"<p>Nasze pakiety to wyj\u0105tkowe po\u0142\u0105czenie masa\u017cy i zabieg\u00f3w, dzi\u0119ki kt\u00f3rym odpr\u0119\u017cysz si\u0119, jak nigdy wcze\u015bniej. To doskona\u0142y wyb\u00f3r na prezent dla ukochanej osoby oraz \u015bwietna opcja na sp\u0119dzenie cudownego czasu z bliskimi.<\/p>\n<p>Komu go podarujesz? Przyjaci\u00f3\u0142ce? Rodzicom? Drugiej po\u0142\u00f3wce? A mo\u017ce samemu sobie? \ud83d\ude42<\/p>","protected":false},"excerpt":{"rendered":"<p>Nasze pakiety to wyj\u0105tkowe po\u0142\u0105czenie masa\u017cy i zabieg\u00f3w, dzi\u0119ki kt\u00f3rym odpr\u0119\u017cysz si\u0119, jak nigdy wcze\u015bniej. To doskona\u0142y wyb\u00f3r na prezent dla ukochanej osoby oraz \u015bwietna opcja na sp\u0119dzenie cudownego czasu z bliskimi. Komu go podarujesz? Przyjaci\u00f3\u0142ce? Rodzicom? Drugiej po\u0142\u00f3wce? A mo\u017ce samemu sobie? \ud83d\ude42<\/p>","protected":false},"featured_media":3545,"template":"","meta":{"_acf_changed":false},"product_cat":[44],"product_tag":[],"class_list":{"0":"post-3543","1":"product","2":"type-product","3":"status-publish","4":"has-post-thumbnail","6":"product_cat-voucher","8":"first","9":"instock","10":"sold-individually","11":"taxable","12":"shipping-taxable","13":"purchasable","14":"product-type-variable"},"acf":[],"yoast_head":"<!-- This site is optimized with the Yoast SEO plugin v27.4 - https:\/\/yoast.com\/product\/yoast-seo-wordpress\/ -->\n<title>Voucher podarunkowy na pakiet - Bangkok Masa\u017c\u00a0Tajski &amp; SPA<\/title>\n<meta name=\"description\" content=\"Voucher podarunkowy na pakiet w Bangkok Salony Masa\u017cu Tajskiego i SPA. Pomys\u0142 na prezent. Masa\u017c tajski. Pakiet SPA\" \/>\n<meta name=\"robots\" content=\"noindex, follow, max-snippet:-1, max-image-preview:large, max-video-preview:-1\" \/>\n<meta property=\"og:locale\" content=\"en_US\" \/>\n<meta property=\"og:type\" content=\"article\" \/>\n<meta property=\"og:title\" content=\"Voucher podarunkowy na pakiet - Bangkok Masa\u017c\u00a0Tajski &amp; SPA\" \/>\n<meta property=\"og:description\" content=\"Voucher podarunkowy na pakiet w Bangkok Salony Masa\u017cu Tajskiego i SPA. Pomys\u0142 na prezent. Masa\u017c tajski. Pakiet SPA\" \/>\n<meta property=\"og:url\" content=\"https:\/\/old.spabangkok.pl\/en\/product\/voucher-podarunkowy-na-pakiet\/\" \/>\n<meta property=\"og:site_name\" content=\"Bangkok Masa\u017c\u00a0Tajski &amp; SPA\" \/>\n<meta property=\"article:modified_time\" content=\"2023-11-03T11:01:03+00:00\" \/>\n<meta property=\"og:image\" content=\"https:\/\/old.spabangkok.pl\/wp-content\/uploads\/2022\/10\/voucher-pakiet.webp\" \/>\n\t<meta property=\"og:image:width\" content=\"1500\" \/>\n\t<meta property=\"og:image:height\" content=\"2000\" \/>\n\t<meta property=\"og:image:type\" content=\"image\/webp\" \/>\n<meta name=\"twitter:card\" content=\"summary_large_image\" \/>\n<meta name=\"twitter:label1\" content=\"Est. reading time\" \/>\n\t<meta name=\"twitter:data1\" content=\"1 minute\" \/>\n<script type=\"application\/ld+json\" class=\"yoast-schema-graph\">{\"@context\":\"https:\\\/\\\/schema.org\",\"@graph\":[{\"@type\":\"WebPage\",\"@id\":\"https:\\\/\\\/old.spabangkok.pl\\\/en\\\/product\\\/voucher-podarunkowy-na-pakiet\\\/\",\"url\":\"https:\\\/\\\/old.spabangkok.pl\\\/en\\\/product\\\/voucher-podarunkowy-na-pakiet\\\/\",\"name\":\"Voucher podarunkowy na pakiet - Bangkok Masa\u017c\u00a0Tajski &amp; SPA\",\"isPartOf\":{\"@id\":\"https:\\\/\\\/old.spabangkok.pl\\\/#website\"},\"primaryImageOfPage\":{\"@id\":\"https:\\\/\\\/old.spabangkok.pl\\\/en\\\/product\\\/voucher-podarunkowy-na-pakiet\\\/#primaryimage\"},\"image\":{\"@id\":\"https:\\\/\\\/old.spabangkok.pl\\\/en\\\/product\\\/voucher-podarunkowy-na-pakiet\\\/#primaryimage\"},\"thumbnailUrl\":\"https:\\\/\\\/old.spabangkok.pl\\\/wp-content\\\/uploads\\\/2022\\\/10\\\/voucher-pakiet.webp\",\"datePublished\":\"2022-10-12T13:46:13+00:00\",\"dateModified\":\"2023-11-03T11:01:03+00:00\",\"description\":\"Voucher podarunkowy na pakiet w Bangkok Salony Masa\u017cu Tajskiego i SPA. Pomys\u0142 na prezent. Masa\u017c tajski. Pakiet SPA\",\"breadcrumb\":{\"@id\":\"https:\\\/\\\/old.spabangkok.pl\\\/en\\\/product\\\/voucher-podarunkowy-na-pakiet\\\/#breadcrumb\"},\"inLanguage\":\"en-US\",\"potentialAction\":[{\"@type\":\"ReadAction\",\"target\":[\"https:\\\/\\\/old.spabangkok.pl\\\/en\\\/product\\\/voucher-podarunkowy-na-pakiet\\\/\"]}]},{\"@type\":\"ImageObject\",\"inLanguage\":\"en-US\",\"@id\":\"https:\\\/\\\/old.spabangkok.pl\\\/en\\\/product\\\/voucher-podarunkowy-na-pakiet\\\/#primaryimage\",\"url\":\"https:\\\/\\\/old.spabangkok.pl\\\/wp-content\\\/uploads\\\/2022\\\/10\\\/voucher-pakiet.webp\",\"contentUrl\":\"https:\\\/\\\/old.spabangkok.pl\\\/wp-content\\\/uploads\\\/2022\\\/10\\\/voucher-pakiet.webp\",\"width\":1500,\"height\":2000},{\"@type\":\"BreadcrumbList\",\"@id\":\"https:\\\/\\\/old.spabangkok.pl\\\/en\\\/product\\\/voucher-podarunkowy-na-pakiet\\\/#breadcrumb\",\"itemListElement\":[{\"@type\":\"ListItem\",\"position\":1,\"name\":\"Strona g\u0142\u00f3wna\",\"item\":\"https:\\\/\\\/old.spabangkok.pl\\\/\"},{\"@type\":\"ListItem\",\"position\":2,\"name\":\"Vouchery\",\"item\":\"https:\\\/\\\/old.spabangkok.pl\\\/en\\\/vouchery\\\/\"},{\"@type\":\"ListItem\",\"position\":3,\"name\":\"Voucher podarunkowy na pakiet\"}]},{\"@type\":\"WebSite\",\"@id\":\"https:\\\/\\\/old.spabangkok.pl\\\/#website\",\"url\":\"https:\\\/\\\/old.spabangkok.pl\\\/\",\"name\":\"Bangkok Masa\u017c\u00a0Tajski &amp; SPA\",\"description\":\"Azjatycka oaza w\u00a0mie\u015bcie\",\"publisher\":{\"@id\":\"https:\\\/\\\/old.spabangkok.pl\\\/#organization\"},\"potentialAction\":[{\"@type\":\"SearchAction\",\"target\":{\"@type\":\"EntryPoint\",\"urlTemplate\":\"https:\\\/\\\/old.spabangkok.pl\\\/?s={search_term_string}\"},\"query-input\":{\"@type\":\"PropertyValueSpecification\",\"valueRequired\":true,\"valueName\":\"search_term_string\"}}],\"inLanguage\":\"en-US\"},{\"@type\":\"Organization\",\"@id\":\"https:\\\/\\\/old.spabangkok.pl\\\/#organization\",\"name\":\"Bangkok Thai Massage & SPA\",\"url\":\"https:\\\/\\\/old.spabangkok.pl\\\/\",\"logo\":{\"@type\":\"ImageObject\",\"inLanguage\":\"en-US\",\"@id\":\"https:\\\/\\\/old.spabangkok.pl\\\/#\\\/schema\\\/logo\\\/image\\\/\",\"url\":\"http:\\\/\\\/old.spabangkok.pl\\\/wp-content\\\/uploads\\\/2022\\\/04\\\/bangkok-logo.svg\",\"contentUrl\":\"http:\\\/\\\/old.spabangkok.pl\\\/wp-content\\\/uploads\\\/2022\\\/04\\\/bangkok-logo.svg\",\"width\":150,\"height\":120,\"caption\":\"Bangkok Thai Massage & SPA\"},\"image\":{\"@id\":\"https:\\\/\\\/old.spabangkok.pl\\\/#\\\/schema\\\/logo\\\/image\\\/\"}}]}<\/script>\n<!-- \/ Yoast SEO plugin. -->","yoast_head_json":{"title":"Voucher podarunkowy na pakiet - Bangkok Masa\u017c\u00a0Tajski &amp; SPA","description":"Voucher podarunkowy na pakiet w Bangkok Salony Masa\u017cu Tajskiego i SPA. Pomys\u0142 na prezent. Masa\u017c tajski. Pakiet SPA","robots":{"index":"noindex","follow":"follow","max-snippet":"max-snippet:-1","max-image-preview":"max-image-preview:large","max-video-preview":"max-video-preview:-1"},"og_locale":"en_US","og_type":"article","og_title":"Voucher podarunkowy na pakiet - Bangkok Masa\u017c\u00a0Tajski &amp; SPA","og_description":"Voucher podarunkowy na pakiet w Bangkok Salony Masa\u017cu Tajskiego i SPA. Pomys\u0142 na prezent. Masa\u017c tajski. Pakiet SPA","og_url":"https:\/\/old.spabangkok.pl\/en\/product\/voucher-podarunkowy-na-pakiet\/","og_site_name":"Bangkok Masa\u017c\u00a0Tajski &amp; SPA","article_modified_time":"2023-11-03T11:01:03+00:00","og_image":[{"width":1500,"height":2000,"url":"https:\/\/old.spabangkok.pl\/wp-content\/uploads\/2022\/10\/voucher-pakiet.webp","type":"image\/webp"}],"twitter_card":"summary_large_image","twitter_misc":{"Est. reading time":"1 minute"},"schema":{"@context":"https:\/\/schema.org","@graph":[{"@type":"WebPage","@id":"https:\/\/old.spabangkok.pl\/en\/product\/voucher-podarunkowy-na-pakiet\/","url":"https:\/\/old.spabangkok.pl\/en\/product\/voucher-podarunkowy-na-pakiet\/","name":"Voucher podarunkowy na pakiet - Bangkok Masa\u017c\u00a0Tajski &amp; SPA","isPartOf":{"@id":"https:\/\/old.spabangkok.pl\/#website"},"primaryImageOfPage":{"@id":"https:\/\/old.spabangkok.pl\/en\/product\/voucher-podarunkowy-na-pakiet\/#primaryimage"},"image":{"@id":"https:\/\/old.spabangkok.pl\/en\/product\/voucher-podarunkowy-na-pakiet\/#primaryimage"},"thumbnailUrl":"https:\/\/old.spabangkok.pl\/wp-content\/uploads\/2022\/10\/voucher-pakiet.webp","datePublished":"2022-10-12T13:46:13+00:00","dateModified":"2023-11-03T11:01:03+00:00","description":"Voucher podarunkowy na pakiet w Bangkok Salony Masa\u017cu Tajskiego i SPA. Pomys\u0142 na prezent. Masa\u017c tajski. Pakiet SPA","breadcrumb":{"@id":"https:\/\/old.spabangkok.pl\/en\/product\/voucher-podarunkowy-na-pakiet\/#breadcrumb"},"inLanguage":"en-US","potentialAction":[{"@type":"ReadAction","target":["https:\/\/old.spabangkok.pl\/en\/product\/voucher-podarunkowy-na-pakiet\/"]}]},{"@type":"ImageObject","inLanguage":"en-US","@id":"https:\/\/old.spabangkok.pl\/en\/product\/voucher-podarunkowy-na-pakiet\/#primaryimage","url":"https:\/\/old.spabangkok.pl\/wp-content\/uploads\/2022\/10\/voucher-pakiet.webp","contentUrl":"https:\/\/old.spabangkok.pl\/wp-content\/uploads\/2022\/10\/voucher-pakiet.webp","width":1500,"height":2000},{"@type":"BreadcrumbList","@id":"https:\/\/old.spabangkok.pl\/en\/product\/voucher-podarunkowy-na-pakiet\/#breadcrumb","itemListElement":[{"@type":"ListItem","position":1,"name":"Strona g\u0142\u00f3wna","item":"https:\/\/old.spabangkok.pl\/"},{"@type":"ListItem","position":2,"name":"Vouchery","item":"https:\/\/old.spabangkok.pl\/en\/vouchery\/"},{"@type":"ListItem","position":3,"name":"Voucher podarunkowy na pakiet"}]},{"@type":"WebSite","@id":"https:\/\/old.spabangkok.pl\/#website","url":"https:\/\/old.spabangkok.pl\/","name":"Bangkok Masa\u017c\u00a0Tajski &amp; SPA","description":"Azjatycka oaza w\u00a0mie\u015bcie","publisher":{"@id":"https:\/\/old.spabangkok.pl\/#organization"},"potentialAction":[{"@type":"SearchAction","target":{"@type":"EntryPoint","urlTemplate":"https:\/\/old.spabangkok.pl\/?s={search_term_string}"},"query-input":{"@type":"PropertyValueSpecification","valueRequired":true,"valueName":"search_term_string"}}],"inLanguage":"en-US"},{"@type":"Organization","@id":"https:\/\/old.spabangkok.pl\/#organization","name":"Bangkok Thai Massage & SPA","url":"https:\/\/old.spabangkok.pl\/","logo":{"@type":"ImageObject","inLanguage":"en-US","@id":"https:\/\/old.spabangkok.pl\/#\/schema\/logo\/image\/","url":"http:\/\/old.spabangkok.pl\/wp-content\/uploads\/2022\/04\/bangkok-logo.svg","contentUrl":"http:\/\/old.spabangkok.pl\/wp-content\/uploads\/2022\/04\/bangkok-logo.svg","width":150,"height":120,"caption":"Bangkok Thai Massage & SPA"},"image":{"@id":"https:\/\/old.spabangkok.pl\/#\/schema\/logo\/image\/"}}]}},"_links":{"self":[{"href":"https:\/\/old.spabangkok.pl\/en\/wp-json\/wp\/v2\/product\/3543","targetHints":{"allow":["GET"]}}],"collection":[{"href":"https:\/\/old.spabangkok.pl\/en\/wp-json\/wp\/v2\/product"}],"about":[{"href":"https:\/\/old.spabangkok.pl\/en\/wp-json\/wp\/v2\/types\/product"}],"wp:featuredmedia":[{"embeddable":true,"href":"https:\/\/old.spabangkok.pl\/en\/wp-json\/wp\/v2\/media\/3545"}],"wp:attachment":[{"href":"https:\/\/old.spabangkok.pl\/en\/wp-json\/wp\/v2\/media?parent=3543"}],"wp:term":[{"taxonomy":"product_cat","embeddable":true,"href":"https:\/\/old.spabangkok.pl\/en\/wp-json\/wp\/v2\/product_cat?post=3543"},{"taxonomy":"product_tag","embeddable":true,"href":"https:\/\/old.spabangkok.pl\/en\/wp-json\/wp\/v2\/product_tag?post=3543"}],"curies":[{"name":"wp","href":"https:\/\/api.w.org\/{rel}","templated":true}]}}