{"id":1827,"date":"2022-05-23T10:04:44","date_gmt":"2022-05-23T08:04:44","guid":{"rendered":"http:\/\/old.spabangkok.pl\/?post_type=product&#038;p=1827"},"modified":"2023-11-03T12:09:57","modified_gmt":"2023-11-03T11:09:57","slug":"voucher-podarunkowy-na-masaz-calosciowy","status":"publish","type":"product","link":"https:\/\/old.spabangkok.pl\/en\/product\/voucher-podarunkowy-na-masaz-calosciowy\/","title":{"rendered":"Voucher podarunkowy na masa\u017c\u00a0ca\u0142o\u015bciowy"},"content":{"rendered":"","protected":false},"excerpt":{"rendered":"<p>To oryginalny i nietuzinkowy prezent na ka\u017cd\u0105 okazj\u0119. Dla niej, dla niego, a tak\u017ce dla dwojga. Podaruj swoim bliskim chwil\u0119 przyjemno\u015bci w najbardziej egzotycznym miejscu w Twoim mie\u015bcie.<\/p>","protected":false},"featured_media":101,"template":"","meta":{"_acf_changed":false},"product_cat":[44],"product_tag":[],"class_list":{"0":"post-1827","1":"product","2":"type-product","3":"status-publish","4":"has-post-thumbnail","6":"product_cat-voucher","7":"product_shipping_class-voucher-email","9":"first","10":"instock","11":"sale","12":"sold-individually","13":"taxable","14":"shipping-taxable","15":"purchasable","16":"product-type-variable"},"acf":[],"yoast_head":"<!-- This site is optimized with the Yoast SEO plugin v27.3 - https:\/\/yoast.com\/product\/yoast-seo-wordpress\/ -->\n<title>Voucher podarunkowy na masa\u017c\u00a0ca\u0142o\u015bciowy - Bangkok Masa\u017c\u00a0Tajski &amp; SPA<\/title>\n<meta name=\"robots\" content=\"noindex, follow, max-snippet:-1, max-image-preview:large, max-video-preview:-1\" \/>\n<meta property=\"og:locale\" content=\"en_US\" \/>\n<meta property=\"og:type\" content=\"article\" \/>\n<meta property=\"og:title\" content=\"Voucher podarunkowy na masa\u017c\u00a0ca\u0142o\u015bciowy - Bangkok Masa\u017c\u00a0Tajski &amp; SPA\" \/>\n<meta property=\"og:description\" content=\"To oryginalny i nietuzinkowy prezent na ka\u017cd\u0105 okazj\u0119. Dla niej, dla niego, a tak\u017ce dla dwojga. Podaruj swoim bliskim chwil\u0119 przyjemno\u015bci w najbardziej egzotycznym miejscu w Twoim mie\u015bcie.\" \/>\n<meta property=\"og:url\" content=\"https:\/\/old.spabangkok.pl\/en\/product\/voucher-podarunkowy-na-masaz-calosciowy\/\" \/>\n<meta property=\"og:site_name\" content=\"Bangkok Masa\u017c\u00a0Tajski &amp; SPA\" \/>\n<meta property=\"article:modified_time\" content=\"2023-11-03T11:09:57+00:00\" \/>\n<meta property=\"og:image\" content=\"https:\/\/old.spabangkok.pl\/wp-content\/uploads\/2022\/04\/oferta_zabiegi.jpg\" \/>\n\t<meta property=\"og:image:width\" content=\"1001\" \/>\n\t<meta property=\"og:image:height\" content=\"1500\" \/>\n\t<meta property=\"og:image:type\" content=\"image\/jpeg\" \/>\n<meta name=\"twitter:card\" content=\"summary_large_image\" \/>\n<script type=\"application\/ld+json\" class=\"yoast-schema-graph\">{\"@context\":\"https:\\\/\\\/schema.org\",\"@graph\":[{\"@type\":\"WebPage\",\"@id\":\"https:\\\/\\\/old.spabangkok.pl\\\/en\\\/product\\\/voucher-podarunkowy-na-masaz-calosciowy\\\/\",\"url\":\"https:\\\/\\\/old.spabangkok.pl\\\/en\\\/product\\\/voucher-podarunkowy-na-masaz-calosciowy\\\/\",\"name\":\"Voucher podarunkowy na masa\u017c\u00a0ca\u0142o\u015bciowy - Bangkok Masa\u017c\u00a0Tajski &amp; SPA\",\"isPartOf\":{\"@id\":\"http:\\\/\\\/old.spabangkok.pl\\\/#website\"},\"primaryImageOfPage\":{\"@id\":\"https:\\\/\\\/old.spabangkok.pl\\\/en\\\/product\\\/voucher-podarunkowy-na-masaz-calosciowy\\\/#primaryimage\"},\"image\":{\"@id\":\"https:\\\/\\\/old.spabangkok.pl\\\/en\\\/product\\\/voucher-podarunkowy-na-masaz-calosciowy\\\/#primaryimage\"},\"thumbnailUrl\":\"https:\\\/\\\/old.spabangkok.pl\\\/wp-content\\\/uploads\\\/2022\\\/04\\\/oferta_zabiegi.jpg\",\"datePublished\":\"2022-05-23T08:04:44+00:00\",\"dateModified\":\"2023-11-03T11:09:57+00:00\",\"breadcrumb\":{\"@id\":\"https:\\\/\\\/old.spabangkok.pl\\\/en\\\/product\\\/voucher-podarunkowy-na-masaz-calosciowy\\\/#breadcrumb\"},\"inLanguage\":\"en-US\",\"potentialAction\":[{\"@type\":\"ReadAction\",\"target\":[\"https:\\\/\\\/old.spabangkok.pl\\\/en\\\/product\\\/voucher-podarunkowy-na-masaz-calosciowy\\\/\"]}]},{\"@type\":\"ImageObject\",\"inLanguage\":\"en-US\",\"@id\":\"https:\\\/\\\/old.spabangkok.pl\\\/en\\\/product\\\/voucher-podarunkowy-na-masaz-calosciowy\\\/#primaryimage\",\"url\":\"https:\\\/\\\/old.spabangkok.pl\\\/wp-content\\\/uploads\\\/2022\\\/04\\\/oferta_zabiegi.jpg\",\"contentUrl\":\"https:\\\/\\\/old.spabangkok.pl\\\/wp-content\\\/uploads\\\/2022\\\/04\\\/oferta_zabiegi.jpg\",\"width\":1001,\"height\":1500},{\"@type\":\"BreadcrumbList\",\"@id\":\"https:\\\/\\\/old.spabangkok.pl\\\/en\\\/product\\\/voucher-podarunkowy-na-masaz-calosciowy\\\/#breadcrumb\",\"itemListElement\":[{\"@type\":\"ListItem\",\"position\":1,\"name\":\"Strona g\u0142\u00f3wna\",\"item\":\"http:\\\/\\\/old.spabangkok.pl\\\/\"},{\"@type\":\"ListItem\",\"position\":2,\"name\":\"Vouchery\",\"item\":\"https:\\\/\\\/old.spabangkok.pl\\\/en\\\/vouchery\\\/\"},{\"@type\":\"ListItem\",\"position\":3,\"name\":\"Voucher podarunkowy na masa\u017c\u00a0ca\u0142o\u015bciowy\"}]},{\"@type\":\"WebSite\",\"@id\":\"http:\\\/\\\/old.spabangkok.pl\\\/#website\",\"url\":\"http:\\\/\\\/old.spabangkok.pl\\\/\",\"name\":\"Bangkok Masa\u017c\u00a0Tajski &amp; SPA\",\"description\":\"Azjatycka oaza w\u00a0mie\u015bcie\",\"publisher\":{\"@id\":\"http:\\\/\\\/old.spabangkok.pl\\\/#organization\"},\"potentialAction\":[{\"@type\":\"SearchAction\",\"target\":{\"@type\":\"EntryPoint\",\"urlTemplate\":\"http:\\\/\\\/old.spabangkok.pl\\\/?s={search_term_string}\"},\"query-input\":{\"@type\":\"PropertyValueSpecification\",\"valueRequired\":true,\"valueName\":\"search_term_string\"}}],\"inLanguage\":\"en-US\"},{\"@type\":\"Organization\",\"@id\":\"http:\\\/\\\/old.spabangkok.pl\\\/#organization\",\"name\":\"Bangkok Thai Massage & SPA\",\"url\":\"http:\\\/\\\/old.spabangkok.pl\\\/\",\"logo\":{\"@type\":\"ImageObject\",\"inLanguage\":\"en-US\",\"@id\":\"http:\\\/\\\/old.spabangkok.pl\\\/#\\\/schema\\\/logo\\\/image\\\/\",\"url\":\"http:\\\/\\\/old.spabangkok.pl\\\/wp-content\\\/uploads\\\/2022\\\/04\\\/bangkok-logo.svg\",\"contentUrl\":\"http:\\\/\\\/old.spabangkok.pl\\\/wp-content\\\/uploads\\\/2022\\\/04\\\/bangkok-logo.svg\",\"width\":150,\"height\":120,\"caption\":\"Bangkok Thai Massage & SPA\"},\"image\":{\"@id\":\"http:\\\/\\\/old.spabangkok.pl\\\/#\\\/schema\\\/logo\\\/image\\\/\"}}]}<\/script>\n<!-- \/ Yoast SEO plugin. -->","yoast_head_json":{"title":"Voucher podarunkowy na masa\u017c\u00a0ca\u0142o\u015bciowy - Bangkok Masa\u017c\u00a0Tajski &amp; SPA","robots":{"index":"noindex","follow":"follow","max-snippet":"max-snippet:-1","max-image-preview":"max-image-preview:large","max-video-preview":"max-video-preview:-1"},"og_locale":"en_US","og_type":"article","og_title":"Voucher podarunkowy na masa\u017c\u00a0ca\u0142o\u015bciowy - Bangkok Masa\u017c\u00a0Tajski &amp; SPA","og_description":"To oryginalny i nietuzinkowy prezent na ka\u017cd\u0105 okazj\u0119. Dla niej, dla niego, a tak\u017ce dla dwojga. Podaruj swoim bliskim chwil\u0119 przyjemno\u015bci w najbardziej egzotycznym miejscu w Twoim mie\u015bcie.","og_url":"https:\/\/old.spabangkok.pl\/en\/product\/voucher-podarunkowy-na-masaz-calosciowy\/","og_site_name":"Bangkok Masa\u017c\u00a0Tajski &amp; SPA","article_modified_time":"2023-11-03T11:09:57+00:00","og_image":[{"width":1001,"height":1500,"url":"https:\/\/old.spabangkok.pl\/wp-content\/uploads\/2022\/04\/oferta_zabiegi.jpg","type":"image\/jpeg"}],"twitter_card":"summary_large_image","schema":{"@context":"https:\/\/schema.org","@graph":[{"@type":"WebPage","@id":"https:\/\/old.spabangkok.pl\/en\/product\/voucher-podarunkowy-na-masaz-calosciowy\/","url":"https:\/\/old.spabangkok.pl\/en\/product\/voucher-podarunkowy-na-masaz-calosciowy\/","name":"Voucher podarunkowy na masa\u017c\u00a0ca\u0142o\u015bciowy - Bangkok Masa\u017c\u00a0Tajski &amp; SPA","isPartOf":{"@id":"http:\/\/old.spabangkok.pl\/#website"},"primaryImageOfPage":{"@id":"https:\/\/old.spabangkok.pl\/en\/product\/voucher-podarunkowy-na-masaz-calosciowy\/#primaryimage"},"image":{"@id":"https:\/\/old.spabangkok.pl\/en\/product\/voucher-podarunkowy-na-masaz-calosciowy\/#primaryimage"},"thumbnailUrl":"https:\/\/old.spabangkok.pl\/wp-content\/uploads\/2022\/04\/oferta_zabiegi.jpg","datePublished":"2022-05-23T08:04:44+00:00","dateModified":"2023-11-03T11:09:57+00:00","breadcrumb":{"@id":"https:\/\/old.spabangkok.pl\/en\/product\/voucher-podarunkowy-na-masaz-calosciowy\/#breadcrumb"},"inLanguage":"en-US","potentialAction":[{"@type":"ReadAction","target":["https:\/\/old.spabangkok.pl\/en\/product\/voucher-podarunkowy-na-masaz-calosciowy\/"]}]},{"@type":"ImageObject","inLanguage":"en-US","@id":"https:\/\/old.spabangkok.pl\/en\/product\/voucher-podarunkowy-na-masaz-calosciowy\/#primaryimage","url":"https:\/\/old.spabangkok.pl\/wp-content\/uploads\/2022\/04\/oferta_zabiegi.jpg","contentUrl":"https:\/\/old.spabangkok.pl\/wp-content\/uploads\/2022\/04\/oferta_zabiegi.jpg","width":1001,"height":1500},{"@type":"BreadcrumbList","@id":"https:\/\/old.spabangkok.pl\/en\/product\/voucher-podarunkowy-na-masaz-calosciowy\/#breadcrumb","itemListElement":[{"@type":"ListItem","position":1,"name":"Strona g\u0142\u00f3wna","item":"http:\/\/old.spabangkok.pl\/"},{"@type":"ListItem","position":2,"name":"Vouchery","item":"https:\/\/old.spabangkok.pl\/en\/vouchery\/"},{"@type":"ListItem","position":3,"name":"Voucher podarunkowy na masa\u017c\u00a0ca\u0142o\u015bciowy"}]},{"@type":"WebSite","@id":"http:\/\/old.spabangkok.pl\/#website","url":"http:\/\/old.spabangkok.pl\/","name":"Bangkok Masa\u017c\u00a0Tajski &amp; SPA","description":"Azjatycka oaza w\u00a0mie\u015bcie","publisher":{"@id":"http:\/\/old.spabangkok.pl\/#organization"},"potentialAction":[{"@type":"SearchAction","target":{"@type":"EntryPoint","urlTemplate":"http:\/\/old.spabangkok.pl\/?s={search_term_string}"},"query-input":{"@type":"PropertyValueSpecification","valueRequired":true,"valueName":"search_term_string"}}],"inLanguage":"en-US"},{"@type":"Organization","@id":"http:\/\/old.spabangkok.pl\/#organization","name":"Bangkok Thai Massage & SPA","url":"http:\/\/old.spabangkok.pl\/","logo":{"@type":"ImageObject","inLanguage":"en-US","@id":"http:\/\/old.spabangkok.pl\/#\/schema\/logo\/image\/","url":"http:\/\/old.spabangkok.pl\/wp-content\/uploads\/2022\/04\/bangkok-logo.svg","contentUrl":"http:\/\/old.spabangkok.pl\/wp-content\/uploads\/2022\/04\/bangkok-logo.svg","width":150,"height":120,"caption":"Bangkok Thai Massage & SPA"},"image":{"@id":"http:\/\/old.spabangkok.pl\/#\/schema\/logo\/image\/"}}]}},"_links":{"self":[{"href":"https:\/\/old.spabangkok.pl\/en\/wp-json\/wp\/v2\/product\/1827","targetHints":{"allow":["GET"]}}],"collection":[{"href":"https:\/\/old.spabangkok.pl\/en\/wp-json\/wp\/v2\/product"}],"about":[{"href":"https:\/\/old.spabangkok.pl\/en\/wp-json\/wp\/v2\/types\/product"}],"wp:featuredmedia":[{"embeddable":true,"href":"https:\/\/old.spabangkok.pl\/en\/wp-json\/wp\/v2\/media\/101"}],"wp:attachment":[{"href":"https:\/\/old.spabangkok.pl\/en\/wp-json\/wp\/v2\/media?parent=1827"}],"wp:term":[{"taxonomy":"product_cat","embeddable":true,"href":"https:\/\/old.spabangkok.pl\/en\/wp-json\/wp\/v2\/product_cat?post=1827"},{"taxonomy":"product_tag","embeddable":true,"href":"https:\/\/old.spabangkok.pl\/en\/wp-json\/wp\/v2\/product_tag?post=1827"}],"curies":[{"name":"wp","href":"https:\/\/api.w.org\/{rel}","templated":true}]}}