{"id":1579,"date":"2022-05-20T12:22:50","date_gmt":"2022-05-20T10:22:50","guid":{"rendered":"http:\/\/old.spabangkok.pl\/?post_type=product&#038;p=1579"},"modified":"2023-10-06T17:06:55","modified_gmt":"2023-10-06T15:06:55","slug":"voucher-podarunkowy-zabiegi-spa","status":"publish","type":"product","link":"https:\/\/old.spabangkok.pl\/en\/product\/voucher-podarunkowy-zabiegi-spa\/","title":{"rendered":"Voucher podarunkowy na zabiegi SPA"},"content":{"rendered":"","protected":false},"excerpt":{"rendered":"<p>To oryginalny i nietuzinkowy prezent na ka\u017cd\u0105 okazj\u0119. Dla niej, dla niego, a tak\u017ce dla dwojga. Podaruj swoim bliskim chwil\u0119 przyjemno\u015bci w najbardziej egzotycznym miejscu w Twoim mie\u015bcie.<\/p>","protected":false},"featured_media":1044,"template":"","meta":{"_acf_changed":false},"product_cat":[115,44],"product_tag":[],"class_list":{"0":"post-1579","1":"product","2":"type-product","3":"status-publish","4":"has-post-thumbnail","6":"product_cat-dzien-mamy","7":"product_cat-voucher","9":"first","10":"instock","11":"sold-individually","12":"taxable","13":"shipping-taxable","14":"purchasable","15":"product-type-variable"},"acf":[],"yoast_head":"<!-- This site is optimized with the Yoast SEO plugin v27.3 - https:\/\/yoast.com\/product\/yoast-seo-wordpress\/ -->\n<title>Voucher podarunkowy na zabiegi SPA - Bangkok Masa\u017c\u00a0Tajski &amp; SPA<\/title>\n<meta name=\"robots\" content=\"noindex, follow, max-snippet:-1, max-image-preview:large, max-video-preview:-1\" \/>\n<meta property=\"og:locale\" content=\"en_US\" \/>\n<meta property=\"og:type\" content=\"article\" \/>\n<meta property=\"og:title\" content=\"Voucher podarunkowy na zabiegi SPA - Bangkok Masa\u017c\u00a0Tajski &amp; SPA\" \/>\n<meta property=\"og:description\" content=\"To oryginalny i nietuzinkowy prezent na ka\u017cd\u0105 okazj\u0119. Dla niej, dla niego, a tak\u017ce dla dwojga. Podaruj swoim bliskim chwil\u0119 przyjemno\u015bci w najbardziej egzotycznym miejscu w Twoim mie\u015bcie.\" \/>\n<meta property=\"og:url\" content=\"https:\/\/old.spabangkok.pl\/en\/product\/voucher-podarunkowy-zabiegi-spa\/\" \/>\n<meta property=\"og:site_name\" content=\"Bangkok Masa\u017c\u00a0Tajski &amp; SPA\" \/>\n<meta property=\"article:modified_time\" content=\"2023-10-06T15:06:55+00:00\" \/>\n<meta property=\"og:image\" content=\"https:\/\/old.spabangkok.pl\/wp-content\/uploads\/2022\/05\/slider-masaze-1.jpg\" \/>\n\t<meta property=\"og:image:width\" content=\"1600\" \/>\n\t<meta property=\"og:image:height\" content=\"1068\" \/>\n\t<meta property=\"og:image:type\" content=\"image\/jpeg\" \/>\n<meta name=\"twitter:card\" content=\"summary_large_image\" \/>\n<script type=\"application\/ld+json\" class=\"yoast-schema-graph\">{\"@context\":\"https:\\\/\\\/schema.org\",\"@graph\":[{\"@type\":\"WebPage\",\"@id\":\"https:\\\/\\\/old.spabangkok.pl\\\/en\\\/product\\\/voucher-podarunkowy-zabiegi-spa\\\/\",\"url\":\"https:\\\/\\\/old.spabangkok.pl\\\/en\\\/product\\\/voucher-podarunkowy-zabiegi-spa\\\/\",\"name\":\"Voucher podarunkowy na zabiegi SPA - Bangkok Masa\u017c\u00a0Tajski &amp; SPA\",\"isPartOf\":{\"@id\":\"http:\\\/\\\/old.spabangkok.pl\\\/#website\"},\"primaryImageOfPage\":{\"@id\":\"https:\\\/\\\/old.spabangkok.pl\\\/en\\\/product\\\/voucher-podarunkowy-zabiegi-spa\\\/#primaryimage\"},\"image\":{\"@id\":\"https:\\\/\\\/old.spabangkok.pl\\\/en\\\/product\\\/voucher-podarunkowy-zabiegi-spa\\\/#primaryimage\"},\"thumbnailUrl\":\"https:\\\/\\\/old.spabangkok.pl\\\/wp-content\\\/uploads\\\/2022\\\/05\\\/slider-masaze-1.jpg\",\"datePublished\":\"2022-05-20T10:22:50+00:00\",\"dateModified\":\"2023-10-06T15:06:55+00:00\",\"breadcrumb\":{\"@id\":\"https:\\\/\\\/old.spabangkok.pl\\\/en\\\/product\\\/voucher-podarunkowy-zabiegi-spa\\\/#breadcrumb\"},\"inLanguage\":\"en-US\",\"potentialAction\":[{\"@type\":\"ReadAction\",\"target\":[\"https:\\\/\\\/old.spabangkok.pl\\\/en\\\/product\\\/voucher-podarunkowy-zabiegi-spa\\\/\"]}]},{\"@type\":\"ImageObject\",\"inLanguage\":\"en-US\",\"@id\":\"https:\\\/\\\/old.spabangkok.pl\\\/en\\\/product\\\/voucher-podarunkowy-zabiegi-spa\\\/#primaryimage\",\"url\":\"https:\\\/\\\/old.spabangkok.pl\\\/wp-content\\\/uploads\\\/2022\\\/05\\\/slider-masaze-1.jpg\",\"contentUrl\":\"https:\\\/\\\/old.spabangkok.pl\\\/wp-content\\\/uploads\\\/2022\\\/05\\\/slider-masaze-1.jpg\",\"width\":1600,\"height\":1068},{\"@type\":\"BreadcrumbList\",\"@id\":\"https:\\\/\\\/old.spabangkok.pl\\\/en\\\/product\\\/voucher-podarunkowy-zabiegi-spa\\\/#breadcrumb\",\"itemListElement\":[{\"@type\":\"ListItem\",\"position\":1,\"name\":\"Strona g\u0142\u00f3wna\",\"item\":\"http:\\\/\\\/old.spabangkok.pl\\\/\"},{\"@type\":\"ListItem\",\"position\":2,\"name\":\"Vouchery\",\"item\":\"https:\\\/\\\/old.spabangkok.pl\\\/en\\\/vouchery\\\/\"},{\"@type\":\"ListItem\",\"position\":3,\"name\":\"Voucher podarunkowy na zabiegi SPA\"}]},{\"@type\":\"WebSite\",\"@id\":\"http:\\\/\\\/old.spabangkok.pl\\\/#website\",\"url\":\"http:\\\/\\\/old.spabangkok.pl\\\/\",\"name\":\"Bangkok Masa\u017c\u00a0Tajski &amp; SPA\",\"description\":\"Azjatycka oaza w\u00a0mie\u015bcie\",\"publisher\":{\"@id\":\"http:\\\/\\\/old.spabangkok.pl\\\/#organization\"},\"potentialAction\":[{\"@type\":\"SearchAction\",\"target\":{\"@type\":\"EntryPoint\",\"urlTemplate\":\"http:\\\/\\\/old.spabangkok.pl\\\/?s={search_term_string}\"},\"query-input\":{\"@type\":\"PropertyValueSpecification\",\"valueRequired\":true,\"valueName\":\"search_term_string\"}}],\"inLanguage\":\"en-US\"},{\"@type\":\"Organization\",\"@id\":\"http:\\\/\\\/old.spabangkok.pl\\\/#organization\",\"name\":\"Bangkok Thai Massage & SPA\",\"url\":\"http:\\\/\\\/old.spabangkok.pl\\\/\",\"logo\":{\"@type\":\"ImageObject\",\"inLanguage\":\"en-US\",\"@id\":\"http:\\\/\\\/old.spabangkok.pl\\\/#\\\/schema\\\/logo\\\/image\\\/\",\"url\":\"http:\\\/\\\/old.spabangkok.pl\\\/wp-content\\\/uploads\\\/2022\\\/04\\\/bangkok-logo.svg\",\"contentUrl\":\"http:\\\/\\\/old.spabangkok.pl\\\/wp-content\\\/uploads\\\/2022\\\/04\\\/bangkok-logo.svg\",\"width\":150,\"height\":120,\"caption\":\"Bangkok Thai Massage & SPA\"},\"image\":{\"@id\":\"http:\\\/\\\/old.spabangkok.pl\\\/#\\\/schema\\\/logo\\\/image\\\/\"}}]}<\/script>\n<!-- \/ Yoast SEO plugin. -->","yoast_head_json":{"title":"Voucher podarunkowy na zabiegi SPA - Bangkok Masa\u017c\u00a0Tajski &amp; SPA","robots":{"index":"noindex","follow":"follow","max-snippet":"max-snippet:-1","max-image-preview":"max-image-preview:large","max-video-preview":"max-video-preview:-1"},"og_locale":"en_US","og_type":"article","og_title":"Voucher podarunkowy na zabiegi SPA - Bangkok Masa\u017c\u00a0Tajski &amp; SPA","og_description":"To oryginalny i nietuzinkowy prezent na ka\u017cd\u0105 okazj\u0119. Dla niej, dla niego, a tak\u017ce dla dwojga. Podaruj swoim bliskim chwil\u0119 przyjemno\u015bci w najbardziej egzotycznym miejscu w Twoim mie\u015bcie.","og_url":"https:\/\/old.spabangkok.pl\/en\/product\/voucher-podarunkowy-zabiegi-spa\/","og_site_name":"Bangkok Masa\u017c\u00a0Tajski &amp; SPA","article_modified_time":"2023-10-06T15:06:55+00:00","og_image":[{"width":1600,"height":1068,"url":"https:\/\/old.spabangkok.pl\/wp-content\/uploads\/2022\/05\/slider-masaze-1.jpg","type":"image\/jpeg"}],"twitter_card":"summary_large_image","schema":{"@context":"https:\/\/schema.org","@graph":[{"@type":"WebPage","@id":"https:\/\/old.spabangkok.pl\/en\/product\/voucher-podarunkowy-zabiegi-spa\/","url":"https:\/\/old.spabangkok.pl\/en\/product\/voucher-podarunkowy-zabiegi-spa\/","name":"Voucher podarunkowy na zabiegi SPA - Bangkok Masa\u017c\u00a0Tajski &amp; SPA","isPartOf":{"@id":"http:\/\/old.spabangkok.pl\/#website"},"primaryImageOfPage":{"@id":"https:\/\/old.spabangkok.pl\/en\/product\/voucher-podarunkowy-zabiegi-spa\/#primaryimage"},"image":{"@id":"https:\/\/old.spabangkok.pl\/en\/product\/voucher-podarunkowy-zabiegi-spa\/#primaryimage"},"thumbnailUrl":"https:\/\/old.spabangkok.pl\/wp-content\/uploads\/2022\/05\/slider-masaze-1.jpg","datePublished":"2022-05-20T10:22:50+00:00","dateModified":"2023-10-06T15:06:55+00:00","breadcrumb":{"@id":"https:\/\/old.spabangkok.pl\/en\/product\/voucher-podarunkowy-zabiegi-spa\/#breadcrumb"},"inLanguage":"en-US","potentialAction":[{"@type":"ReadAction","target":["https:\/\/old.spabangkok.pl\/en\/product\/voucher-podarunkowy-zabiegi-spa\/"]}]},{"@type":"ImageObject","inLanguage":"en-US","@id":"https:\/\/old.spabangkok.pl\/en\/product\/voucher-podarunkowy-zabiegi-spa\/#primaryimage","url":"https:\/\/old.spabangkok.pl\/wp-content\/uploads\/2022\/05\/slider-masaze-1.jpg","contentUrl":"https:\/\/old.spabangkok.pl\/wp-content\/uploads\/2022\/05\/slider-masaze-1.jpg","width":1600,"height":1068},{"@type":"BreadcrumbList","@id":"https:\/\/old.spabangkok.pl\/en\/product\/voucher-podarunkowy-zabiegi-spa\/#breadcrumb","itemListElement":[{"@type":"ListItem","position":1,"name":"Strona g\u0142\u00f3wna","item":"http:\/\/old.spabangkok.pl\/"},{"@type":"ListItem","position":2,"name":"Vouchery","item":"https:\/\/old.spabangkok.pl\/en\/vouchery\/"},{"@type":"ListItem","position":3,"name":"Voucher podarunkowy na zabiegi SPA"}]},{"@type":"WebSite","@id":"http:\/\/old.spabangkok.pl\/#website","url":"http:\/\/old.spabangkok.pl\/","name":"Bangkok Masa\u017c\u00a0Tajski &amp; SPA","description":"Azjatycka oaza w\u00a0mie\u015bcie","publisher":{"@id":"http:\/\/old.spabangkok.pl\/#organization"},"potentialAction":[{"@type":"SearchAction","target":{"@type":"EntryPoint","urlTemplate":"http:\/\/old.spabangkok.pl\/?s={search_term_string}"},"query-input":{"@type":"PropertyValueSpecification","valueRequired":true,"valueName":"search_term_string"}}],"inLanguage":"en-US"},{"@type":"Organization","@id":"http:\/\/old.spabangkok.pl\/#organization","name":"Bangkok Thai Massage & SPA","url":"http:\/\/old.spabangkok.pl\/","logo":{"@type":"ImageObject","inLanguage":"en-US","@id":"http:\/\/old.spabangkok.pl\/#\/schema\/logo\/image\/","url":"http:\/\/old.spabangkok.pl\/wp-content\/uploads\/2022\/04\/bangkok-logo.svg","contentUrl":"http:\/\/old.spabangkok.pl\/wp-content\/uploads\/2022\/04\/bangkok-logo.svg","width":150,"height":120,"caption":"Bangkok Thai Massage & SPA"},"image":{"@id":"http:\/\/old.spabangkok.pl\/#\/schema\/logo\/image\/"}}]}},"_links":{"self":[{"href":"https:\/\/old.spabangkok.pl\/en\/wp-json\/wp\/v2\/product\/1579","targetHints":{"allow":["GET"]}}],"collection":[{"href":"https:\/\/old.spabangkok.pl\/en\/wp-json\/wp\/v2\/product"}],"about":[{"href":"https:\/\/old.spabangkok.pl\/en\/wp-json\/wp\/v2\/types\/product"}],"wp:featuredmedia":[{"embeddable":true,"href":"https:\/\/old.spabangkok.pl\/en\/wp-json\/wp\/v2\/media\/1044"}],"wp:attachment":[{"href":"https:\/\/old.spabangkok.pl\/en\/wp-json\/wp\/v2\/media?parent=1579"}],"wp:term":[{"taxonomy":"product_cat","embeddable":true,"href":"https:\/\/old.spabangkok.pl\/en\/wp-json\/wp\/v2\/product_cat?post=1579"},{"taxonomy":"product_tag","embeddable":true,"href":"https:\/\/old.spabangkok.pl\/en\/wp-json\/wp\/v2\/product_tag?post=1579"}],"curies":[{"name":"wp","href":"https:\/\/api.w.org\/{rel}","templated":true}]}}