{"id":9293,"date":"2023-12-18T15:55:05","date_gmt":"2023-12-18T14:55:05","guid":{"rendered":"http:\/\/old.spabangkok.pl\/?page_id=9293"},"modified":"2023-12-18T15:59:59","modified_gmt":"2023-12-18T14:59:59","slug":"regulamin-promocji-swieta-2023","status":"publish","type":"page","link":"https:\/\/old.spabangkok.pl\/en\/regulamin\/regulamin-promocji-swieta-2023\/","title":{"rendered":"Regulamin Promocji \u015awi\u0119ta 2023"},"content":{"rendered":"\t\t<div data-elementor-type=\"wp-page\" data-elementor-id=\"9293\" class=\"elementor elementor-9293\" data-elementor-post-type=\"page\">\n\t\t\t\t\t\t\t\t\t<section class=\"elementor-section elementor-top-section elementor-element elementor-element-74175df9 elementor-section-boxed elementor-section-height-default elementor-section-height-default\" data-id=\"74175df9\" data-element_type=\"section\">\n\t\t\t\t\t\t<div class=\"elementor-container elementor-column-gap-default\">\n\t\t\t\t\t<div class=\"elementor-column elementor-col-100 elementor-top-column elementor-element elementor-element-22aa506b\" data-id=\"22aa506b\" data-element_type=\"column\">\n\t\t\t<div class=\"elementor-widget-wrap elementor-element-populated\">\n\t\t\t\t\t\t\t\t<div class=\"elementor-element elementor-element-7b43c44 elementor-widget__width-initial elementor-widget elementor-widget-text-editor\" data-id=\"7b43c44\" data-element_type=\"widget\" data-widget_type=\"text-editor.default\">\n\t\t\t\t<div class=\"elementor-widget-container\">\n\t\t\t<style>\/*! elementor - v3.17.0 - 01-11-2023 *\/\n.elementor-widget-text-editor.elementor-drop-cap-view-stacked .elementor-drop-cap{background-color:#69727d;color:#fff}.elementor-widget-text-editor.elementor-drop-cap-view-framed .elementor-drop-cap{color:#69727d;border:3px solid;background-color:transparent}.elementor-widget-text-editor:not(.elementor-drop-cap-view-default) .elementor-drop-cap{margin-top:8px}.elementor-widget-text-editor:not(.elementor-drop-cap-view-default) .elementor-drop-cap-letter{width:1em;height:1em}.elementor-widget-text-editor .elementor-drop-cap{float:left;text-align:center;line-height:1;font-size:50px}.elementor-widget-text-editor .elementor-drop-cap-letter{display:inline-block}<\/style>\t\t\t\t<p style=\"padding-left: 120px;\" align=\"center\">(dalej Regulamin)<\/p>\n<p style=\"padding-left: 120px;\" align=\"center\"><b><br><\/b><\/p><p style=\"padding-left: 120px;\" align=\"center\"><b>\u00a7&nbsp;1 POSTANOWIENIA OG\u00d3LNE<\/b><\/p>\n<p style=\"padding-left: 120px;\"><!-- [if !supportLists]-->1.&nbsp;&nbsp;&nbsp;Organizatorem promocji w formie wybrany kosmetyk za 10 z\u0142 przy zakupie dw\u00f3ch lub wielokrotno\u015bci dw\u00f3ch, voucher\u00f3w na us\u0142ug\u0119 lub dw\u00f3ch lub wielokrotno\u015bci dw\u00f3ch, voucher\u00f3w na kwot\u0119 min. 199 z\u0142 ka\u017cdy, zwanej dalej Promocj\u0105 \u015awi\u0119ta 2023, jest Bangkok sp. z o.o. z siedzib\u0105 w&nbsp;Bydgoszcz, przy ul. Gda\u0144skiej 36, 85-008 Bydgoszcz, NIP: 588-245-35-15, zwana dalej \u201eOrganizatorem\u201d.<\/p>\n<p style=\"padding-left: 120px;\"><!-- [if !supportLists]-->2.&nbsp;&nbsp;&nbsp;Celem Promocji jest sprzeda\u017c kosmetyk\u00f3w za 10 z\u0142 w salonach Organizatora po spe\u0142nieniu warunk\u00f3w promocji.<\/p>\n<p style=\"padding-left: 120px;\"><!-- [if !supportLists]-->3.&nbsp;&nbsp;&nbsp;Czas trwania Promocji obejmuje okres od 18 grudnia 2023 r. od godz. 00:00 do 24 grudnia 2023 r. do godz. 23:59.<\/p>\n<p style=\"padding-left: 120px;\" align=\"center\"><b><br><\/b><\/p><p style=\"padding-left: 120px;\" align=\"center\"><b>&nbsp;\u00a72 RABATY<\/b><\/p>\n<p style=\"padding-left: 120px;\">W Promocji obowi\u0105zuj\u0105 rabaty \u2013 do ka\u017cdych dw\u00f3ch voucher\u00f3w spe\u0142niaj\u0105cych wymogi \u2013 tj. dwa vouchery podarunkowe na us\u0142ug\u0119 lub dwa vouchery podarunkowe na<br>kwot\u0119 min. 199 z\u0142 ka\u017cdy \u2013 wybrany kosmetyk za 10 z\u0142. Kosmetyki wybierane s\u0105 losowo poprzez wyci\u0105gni\u0119cie kuponu z nazw\u0105 kosmetyku z pojemnika lub poprzez<br>aplikacj\u0119 na tabletach Organizatora.<\/p>\n<p style=\"padding-left: 120px;\"><br><\/p>\n<p style=\"padding-left: 120px;\" align=\"center\"><b>&nbsp;\u00a73 WARUNKI UCZESTNICTWA I PRZEBIEG PROMOCJI<\/b><\/p>\n<p style=\"padding-left: 120px;\"><!-- [if !supportLists]-->1.Promocja przeznaczona jest wy\u0142\u0105cznie dla os\u00f3b fizycznych, nabywaj\u0105cych Produkty Promocyjne jako konsumenci w rozumieniu art. 221&nbsp;Kodeksu Cywilnego.<\/p>\n<p style=\"padding-left: 120px;\"><!-- [if !supportLists]-->2.Udzia\u0142 w Promocji i podanie zwi\u0105zanych z udzia\u0142em danych jest dobrowolne, jednak obowi\u0105zkowe do realizacji transakcji.<\/p>\n<p style=\"padding-left: 120px;\"><!-- [if !supportLists]-->3.W celu wzi\u0119cia udzia\u0142u w Promocji Uczestnik powinien w czasie trwania Promocji dokona\u0107 zakupu stacjonarnie (w salonach Organizatora \u2013 lista salon\u00f3w dost\u0119pna na stronie <a href=\"http:\/\/old.spabangkok.pl\/\">www.spabangkok.pl<\/a>) dw\u00f3ch lub wielokrotno\u015bci dw\u00f3ch, voucher\u00f3w prezentowych spe\u0142niaj\u0105cych warunki promocji.<\/p>\n<p style=\"padding-left: 120px;\"><!-- [if !supportLists]-->4.Uczestnik mo\u017ce dokona\u0107 w trakcie trwania Promocji wielu zakup\u00f3w.<\/p>\n<p style=\"padding-left: 120px;\" align=\"center\"><b><br><\/b><\/p>\n<p style=\"padding-left: 120px;\" align=\"center\"><b>&nbsp;\u00a74 POST\u0118POWANIE REKLAMACYJNE<\/b><\/p>\n<p style=\"padding-left: 120px;\"><!-- [if !supportLists]-->1.Wszelkie reklamacje dotycz\u0105ce sposobu przeprowadzenia Promocji Uczestnicy winni zg\u0142asza\u0107 na pi\u015bmie na adres siedziby Organizatora lub mailowo na adres bydgoszcz.gdanska@spabangkok.pl.<\/p>\n<p style=\"padding-left: 120px;\"><!-- [if !supportLists]-->2.Pisemna reklamacja powinna zawiera\u0107 imi\u0119, nazwisko i dok\u0142adny adres Uczestnika oraz dok\u0142adny opis i uzasadnienie reklamacji.<\/p>\n<p style=\"padding-left: 120px;\"><!-- [if !supportLists]-->3.Reklamacje rozpatrywane b\u0119d\u0105 przez Organizatora w terminie 14&nbsp;(czternastu) dni od daty ich otrzymania.<\/p>\n<p style=\"padding-left: 120px;\"><!-- [if !supportLists]-->4.Uczestnik o sposobie rozpatrzenia reklamacji zostanie powiadomiony listem poleconym na adres podany w reklamacji, wys\u0142anym w terminie 7 (siedmiu) dni od daty rozpatrzenia danej reklamacji.<\/p>\n<p style=\"padding-left: 120px;\"><!-- [if !supportLists]-->5.Roszczenia nierozpatrzone lub nieuwzgl\u0119dnione w post\u0119powaniu reklamacyjnym mog\u0105 by\u0107 dochodzone przed s\u0105dem powszechnym.<\/p>\n<p style=\"padding-left: 120px;\" align=\"center\"><br><\/p>\n<p style=\"padding-left: 120px;\" align=\"center\">&nbsp;&nbsp;<b>\u00a75 POSTANOWIENIA KO\u0143COWE<\/b><\/p>\n<p style=\"padding-left: 120px;\"><!-- [if !supportLists]-->1.Promocja nie \u0142\u0105czy si\u0119 z innymi promocjami Organizatora.<\/p>\n<p style=\"padding-left: 120px;\"><!-- [if !supportLists]-->2.Vouchery podarunkowe nie mog\u0105 by\u0107 wymienione na got\u00f3wk\u0119 czy inne \u015brodki p\u0142atnicze.<\/p>\n<p style=\"padding-left: 120px;\"><!-- [if !supportLists]-->3.Niniejszy Regulamin dost\u0119pny jest w salonach stacjonarnych Organizatora i na stronie internetowej Organizatora.<\/p>\n<p style=\"padding-left: 120px;\"><!-- [if !supportLists]-->4.Organizator zastrzega sobie prawo wprowadzenia zmian w niniejszym Regulaminie, w ka\u017cdym czasie bez podania<br>przyczyny. Zmiany w&nbsp;regulaminie nie mog\u0105 jednak narusza\u0107 praw nabytych<br>przez Uczestnik\u00f3w.<\/p>\n<p style=\"padding-left: 120px;\">\n<\/p>\t\t\t\t\t\t<\/div>\n\t\t\t\t<\/div>\n\t\t\t\t\t<\/div>\n\t\t<\/div>\n\t\t\t\t\t\t\t<\/div>\n\t\t<\/section>\n\t\t\t\t\t\t\t<\/div>\n\t\t","protected":false},"excerpt":{"rendered":"<p>(dalej Regulamin) \u00a7&nbsp;1 POSTANOWIENIA OG\u00d3LNE 1.&nbsp;&nbsp;&nbsp;Organizatorem promocji w formie wybrany kosmetyk za 10 z\u0142 przy zakupie dw\u00f3ch lub wielokrotno\u015bci dw\u00f3ch, voucher\u00f3w na us\u0142ug\u0119 lub dw\u00f3ch lub wielokrotno\u015bci dw\u00f3ch, voucher\u00f3w na kwot\u0119 min. 199 z\u0142 ka\u017cdy, zwanej dalej Promocj\u0105 \u015awi\u0119ta 2023, jest Bangkok sp. z o.o. z siedzib\u0105 w&nbsp;Bydgoszcz, przy ul. Gda\u0144skiej 36, 85-008 Bydgoszcz, NIP: [&hellip;]<\/p>\n","protected":false},"author":2,"featured_media":0,"parent":1232,"menu_order":0,"comment_status":"closed","ping_status":"closed","template":"","meta":{"_acf_changed":false,"footnotes":""},"class_list":["post-9293","page","type-page","status-publish","hentry"],"acf":[],"yoast_head":"<!-- This site is optimized with the Yoast SEO plugin v27.3 - https:\/\/yoast.com\/product\/yoast-seo-wordpress\/ -->\n<title>Regulamin Promocji \u015awi\u0119ta 2023 - Bangkok Masa\u017c\u00a0Tajski &amp; SPA<\/title>\n<meta name=\"description\" content=\"Organizatorem promocji w formie rabatu na vouchery elektroniczne i\u00a0stacjonarne na konkretn\u0105 us\u0142ug\u0119, z wy\u0142\u0105czeniem masa\u017cu gor\u0105cymi kamieniami, stemplami zio\u0142owymi, voucher\u00f3w kwotowych i pakiet\u00f3w, zwanej dalej Promocj\u0105 Dzie\u0144 Matki, jest Bangkok sp. z o.o. z siedzib\u0105 w\u00a0Bydgoszcz, przy ul. Gda\u0144skiej 36, 85-008 Bydgoszcz, NIP: 588-245-35-15, zwana dalej \u201eOrganizatorem\u201d.\" \/>\n<meta name=\"robots\" content=\"noindex, follow, max-snippet:-1, max-image-preview:large, max-video-preview:-1\" \/>\n<meta property=\"og:locale\" content=\"en_US\" \/>\n<meta property=\"og:type\" content=\"article\" \/>\n<meta property=\"og:title\" content=\"Regulamin Promocji \u015awi\u0119ta 2023 - Bangkok Masa\u017c\u00a0Tajski &amp; SPA\" \/>\n<meta property=\"og:description\" content=\"Organizatorem promocji w formie rabatu na vouchery elektroniczne i\u00a0stacjonarne na konkretn\u0105 us\u0142ug\u0119, z wy\u0142\u0105czeniem masa\u017cu gor\u0105cymi kamieniami, stemplami zio\u0142owymi, voucher\u00f3w kwotowych i pakiet\u00f3w, zwanej dalej Promocj\u0105 Dzie\u0144 Matki, jest Bangkok sp. z o.o. z siedzib\u0105 w\u00a0Bydgoszcz, przy ul. Gda\u0144skiej 36, 85-008 Bydgoszcz, NIP: 588-245-35-15, zwana dalej \u201eOrganizatorem\u201d.\" \/>\n<meta property=\"og:url\" content=\"https:\/\/old.spabangkok.pl\/en\/regulamin\/regulamin-promocji-swieta-2023\/\" \/>\n<meta property=\"og:site_name\" content=\"Bangkok Masa\u017c\u00a0Tajski &amp; SPA\" \/>\n<meta property=\"article:modified_time\" content=\"2023-12-18T14:59:59+00:00\" \/>\n<meta name=\"twitter:card\" content=\"summary_large_image\" \/>\n<meta name=\"twitter:label1\" content=\"Est. reading time\" \/>\n\t<meta name=\"twitter:data1\" content=\"3 minutes\" \/>\n<script type=\"application\/ld+json\" class=\"yoast-schema-graph\">{\"@context\":\"https:\\\/\\\/schema.org\",\"@graph\":[{\"@type\":\"WebPage\",\"@id\":\"https:\\\/\\\/old.spabangkok.pl\\\/en\\\/regulamin\\\/regulamin-promocji-swieta-2023\\\/\",\"url\":\"https:\\\/\\\/old.spabangkok.pl\\\/en\\\/regulamin\\\/regulamin-promocji-swieta-2023\\\/\",\"name\":\"Regulamin Promocji \u015awi\u0119ta 2023 - Bangkok Masa\u017c\u00a0Tajski &amp; SPA\",\"isPartOf\":{\"@id\":\"http:\\\/\\\/old.spabangkok.pl\\\/#website\"},\"datePublished\":\"2023-12-18T14:55:05+00:00\",\"dateModified\":\"2023-12-18T14:59:59+00:00\",\"description\":\"Organizatorem promocji w formie rabatu na vouchery elektroniczne i\u00a0stacjonarne na konkretn\u0105 us\u0142ug\u0119, z wy\u0142\u0105czeniem masa\u017cu gor\u0105cymi kamieniami, stemplami zio\u0142owymi, voucher\u00f3w kwotowych i pakiet\u00f3w, zwanej dalej Promocj\u0105 Dzie\u0144 Matki, jest Bangkok sp. z o.o. z siedzib\u0105 w\u00a0Bydgoszcz, przy ul. Gda\u0144skiej 36, 85-008 Bydgoszcz, NIP: 588-245-35-15, zwana dalej \u201eOrganizatorem\u201d.\",\"breadcrumb\":{\"@id\":\"https:\\\/\\\/old.spabangkok.pl\\\/en\\\/regulamin\\\/regulamin-promocji-swieta-2023\\\/#breadcrumb\"},\"inLanguage\":\"en-US\",\"potentialAction\":[{\"@type\":\"ReadAction\",\"target\":[\"https:\\\/\\\/old.spabangkok.pl\\\/en\\\/regulamin\\\/regulamin-promocji-swieta-2023\\\/\"]}]},{\"@type\":\"BreadcrumbList\",\"@id\":\"https:\\\/\\\/old.spabangkok.pl\\\/en\\\/regulamin\\\/regulamin-promocji-swieta-2023\\\/#breadcrumb\",\"itemListElement\":[{\"@type\":\"ListItem\",\"position\":1,\"name\":\"Strona g\u0142\u00f3wna\",\"item\":\"http:\\\/\\\/old.spabangkok.pl\\\/\"},{\"@type\":\"ListItem\",\"position\":2,\"name\":\"Regulamin\",\"item\":\"https:\\\/\\\/old.spabangkok.pl\\\/en\\\/regulamin\\\/\"},{\"@type\":\"ListItem\",\"position\":3,\"name\":\"Regulamin Promocji \u015awi\u0119ta 2023\"}]},{\"@type\":\"WebSite\",\"@id\":\"http:\\\/\\\/old.spabangkok.pl\\\/#website\",\"url\":\"http:\\\/\\\/old.spabangkok.pl\\\/\",\"name\":\"Bangkok Masa\u017c\u00a0Tajski &amp; SPA\",\"description\":\"Azjatycka oaza w\u00a0mie\u015bcie\",\"publisher\":{\"@id\":\"http:\\\/\\\/old.spabangkok.pl\\\/#organization\"},\"potentialAction\":[{\"@type\":\"SearchAction\",\"target\":{\"@type\":\"EntryPoint\",\"urlTemplate\":\"http:\\\/\\\/old.spabangkok.pl\\\/?s={search_term_string}\"},\"query-input\":{\"@type\":\"PropertyValueSpecification\",\"valueRequired\":true,\"valueName\":\"search_term_string\"}}],\"inLanguage\":\"en-US\"},{\"@type\":\"Organization\",\"@id\":\"http:\\\/\\\/old.spabangkok.pl\\\/#organization\",\"name\":\"Bangkok Thai Massage & SPA\",\"url\":\"http:\\\/\\\/old.spabangkok.pl\\\/\",\"logo\":{\"@type\":\"ImageObject\",\"inLanguage\":\"en-US\",\"@id\":\"http:\\\/\\\/old.spabangkok.pl\\\/#\\\/schema\\\/logo\\\/image\\\/\",\"url\":\"http:\\\/\\\/old.spabangkok.pl\\\/wp-content\\\/uploads\\\/2022\\\/04\\\/bangkok-logo.svg\",\"contentUrl\":\"http:\\\/\\\/old.spabangkok.pl\\\/wp-content\\\/uploads\\\/2022\\\/04\\\/bangkok-logo.svg\",\"width\":150,\"height\":120,\"caption\":\"Bangkok Thai Massage & SPA\"},\"image\":{\"@id\":\"http:\\\/\\\/old.spabangkok.pl\\\/#\\\/schema\\\/logo\\\/image\\\/\"}}]}<\/script>\n<!-- \/ Yoast SEO plugin. -->","yoast_head_json":{"title":"Regulamin Promocji \u015awi\u0119ta 2023 - Bangkok Masa\u017c\u00a0Tajski &amp; SPA","description":"Organizatorem promocji w formie rabatu na vouchery elektroniczne i\u00a0stacjonarne na konkretn\u0105 us\u0142ug\u0119, z wy\u0142\u0105czeniem masa\u017cu gor\u0105cymi kamieniami, stemplami zio\u0142owymi, voucher\u00f3w kwotowych i pakiet\u00f3w, zwanej dalej Promocj\u0105 Dzie\u0144 Matki, jest Bangkok sp. z o.o. z siedzib\u0105 w\u00a0Bydgoszcz, przy ul. Gda\u0144skiej 36, 85-008 Bydgoszcz, NIP: 588-245-35-15, zwana dalej \u201eOrganizatorem\u201d.","robots":{"index":"noindex","follow":"follow","max-snippet":"max-snippet:-1","max-image-preview":"max-image-preview:large","max-video-preview":"max-video-preview:-1"},"og_locale":"en_US","og_type":"article","og_title":"Regulamin Promocji \u015awi\u0119ta 2023 - Bangkok Masa\u017c\u00a0Tajski &amp; SPA","og_description":"Organizatorem promocji w formie rabatu na vouchery elektroniczne i\u00a0stacjonarne na konkretn\u0105 us\u0142ug\u0119, z wy\u0142\u0105czeniem masa\u017cu gor\u0105cymi kamieniami, stemplami zio\u0142owymi, voucher\u00f3w kwotowych i pakiet\u00f3w, zwanej dalej Promocj\u0105 Dzie\u0144 Matki, jest Bangkok sp. z o.o. z siedzib\u0105 w\u00a0Bydgoszcz, przy ul. Gda\u0144skiej 36, 85-008 Bydgoszcz, NIP: 588-245-35-15, zwana dalej \u201eOrganizatorem\u201d.","og_url":"https:\/\/old.spabangkok.pl\/en\/regulamin\/regulamin-promocji-swieta-2023\/","og_site_name":"Bangkok Masa\u017c\u00a0Tajski &amp; SPA","article_modified_time":"2023-12-18T14:59:59+00:00","twitter_card":"summary_large_image","twitter_misc":{"Est. reading time":"3 minutes"},"schema":{"@context":"https:\/\/schema.org","@graph":[{"@type":"WebPage","@id":"https:\/\/old.spabangkok.pl\/en\/regulamin\/regulamin-promocji-swieta-2023\/","url":"https:\/\/old.spabangkok.pl\/en\/regulamin\/regulamin-promocji-swieta-2023\/","name":"Regulamin Promocji \u015awi\u0119ta 2023 - Bangkok Masa\u017c\u00a0Tajski &amp; SPA","isPartOf":{"@id":"http:\/\/old.spabangkok.pl\/#website"},"datePublished":"2023-12-18T14:55:05+00:00","dateModified":"2023-12-18T14:59:59+00:00","description":"Organizatorem promocji w formie rabatu na vouchery elektroniczne i\u00a0stacjonarne na konkretn\u0105 us\u0142ug\u0119, z wy\u0142\u0105czeniem masa\u017cu gor\u0105cymi kamieniami, stemplami zio\u0142owymi, voucher\u00f3w kwotowych i pakiet\u00f3w, zwanej dalej Promocj\u0105 Dzie\u0144 Matki, jest Bangkok sp. z o.o. z siedzib\u0105 w\u00a0Bydgoszcz, przy ul. Gda\u0144skiej 36, 85-008 Bydgoszcz, NIP: 588-245-35-15, zwana dalej \u201eOrganizatorem\u201d.","breadcrumb":{"@id":"https:\/\/old.spabangkok.pl\/en\/regulamin\/regulamin-promocji-swieta-2023\/#breadcrumb"},"inLanguage":"en-US","potentialAction":[{"@type":"ReadAction","target":["https:\/\/old.spabangkok.pl\/en\/regulamin\/regulamin-promocji-swieta-2023\/"]}]},{"@type":"BreadcrumbList","@id":"https:\/\/old.spabangkok.pl\/en\/regulamin\/regulamin-promocji-swieta-2023\/#breadcrumb","itemListElement":[{"@type":"ListItem","position":1,"name":"Strona g\u0142\u00f3wna","item":"http:\/\/old.spabangkok.pl\/"},{"@type":"ListItem","position":2,"name":"Regulamin","item":"https:\/\/old.spabangkok.pl\/en\/regulamin\/"},{"@type":"ListItem","position":3,"name":"Regulamin Promocji \u015awi\u0119ta 2023"}]},{"@type":"WebSite","@id":"http:\/\/old.spabangkok.pl\/#website","url":"http:\/\/old.spabangkok.pl\/","name":"Bangkok Masa\u017c\u00a0Tajski &amp; SPA","description":"Azjatycka oaza w\u00a0mie\u015bcie","publisher":{"@id":"http:\/\/old.spabangkok.pl\/#organization"},"potentialAction":[{"@type":"SearchAction","target":{"@type":"EntryPoint","urlTemplate":"http:\/\/old.spabangkok.pl\/?s={search_term_string}"},"query-input":{"@type":"PropertyValueSpecification","valueRequired":true,"valueName":"search_term_string"}}],"inLanguage":"en-US"},{"@type":"Organization","@id":"http:\/\/old.spabangkok.pl\/#organization","name":"Bangkok Thai Massage & SPA","url":"http:\/\/old.spabangkok.pl\/","logo":{"@type":"ImageObject","inLanguage":"en-US","@id":"http:\/\/old.spabangkok.pl\/#\/schema\/logo\/image\/","url":"http:\/\/old.spabangkok.pl\/wp-content\/uploads\/2022\/04\/bangkok-logo.svg","contentUrl":"http:\/\/old.spabangkok.pl\/wp-content\/uploads\/2022\/04\/bangkok-logo.svg","width":150,"height":120,"caption":"Bangkok Thai Massage & SPA"},"image":{"@id":"http:\/\/old.spabangkok.pl\/#\/schema\/logo\/image\/"}}]}},"_links":{"self":[{"href":"https:\/\/old.spabangkok.pl\/en\/wp-json\/wp\/v2\/pages\/9293","targetHints":{"allow":["GET"]}}],"collection":[{"href":"https:\/\/old.spabangkok.pl\/en\/wp-json\/wp\/v2\/pages"}],"about":[{"href":"https:\/\/old.spabangkok.pl\/en\/wp-json\/wp\/v2\/types\/page"}],"author":[{"embeddable":true,"href":"https:\/\/old.spabangkok.pl\/en\/wp-json\/wp\/v2\/users\/2"}],"replies":[{"embeddable":true,"href":"https:\/\/old.spabangkok.pl\/en\/wp-json\/wp\/v2\/comments?post=9293"}],"version-history":[{"count":10,"href":"https:\/\/old.spabangkok.pl\/en\/wp-json\/wp\/v2\/pages\/9293\/revisions"}],"predecessor-version":[{"id":9304,"href":"https:\/\/old.spabangkok.pl\/en\/wp-json\/wp\/v2\/pages\/9293\/revisions\/9304"}],"up":[{"embeddable":true,"href":"https:\/\/old.spabangkok.pl\/en\/wp-json\/wp\/v2\/pages\/1232"}],"wp:attachment":[{"href":"https:\/\/old.spabangkok.pl\/en\/wp-json\/wp\/v2\/media?parent=9293"}],"curies":[{"name":"wp","href":"https:\/\/api.w.org\/{rel}","templated":true}]}}