{"id":1172,"date":"2022-05-13T14:05:37","date_gmt":"2022-05-13T12:05:37","guid":{"rendered":"http:\/\/old.spabangkok.pl\/?page_id=1172"},"modified":"2023-02-17T14:42:14","modified_gmt":"2023-02-17T13:42:14","slug":"polityka-prywatnosci","status":"publish","type":"page","link":"http:\/\/old.spabangkok.pl\/en\/polityka-prywatnosci\/","title":{"rendered":"Privacy policy"},"content":{"rendered":"<p>Niniejszy dokument zawiera obowi\u0105zuj\u0105ce w Sklepie i serwisie pod domen\u0105\u00a0<a href=\"http:\/\/old.spabangkok.pl\/en\/\">spabangkok.pl<\/a> zasady zbierania i wykorzystywania danych o jego u\u017cytkownikach, w tym przy sk\u0142adaniu przez nich zam\u00f3wie\u0144 na produkty lub tre\u015bci cyfrowe oferowane w Sklepie. Polityka Prywatno\u015bci stanowi dokument powi\u0105zany z Regulaminem Sklepu salonu Bangkok Masa\u017c Tajski &amp; Spa oraz pos\u0142uguje si\u0119 wyra\u017ceniami w niej zdefiniowanymi.<\/p>\r\n\r\n\r\n\r\n<p>Celem salonu Bangkok Masa\u017c Tajski &amp; Spa jest zapewnienie Ci ochrony prywatno\u015bci na poziomie co najmniej odpowiadaj\u0105cym standardom okre\u015blonym w obowi\u0105zuj\u0105cych przepisach prawnych, w szczeg\u00f3lno\u015bci w ustawie z dnia 18 lipca 2002 r. o \u015bwiadczeniu us\u0142ug drog\u0105 elektroniczn\u0105, rozporz\u0105dzeniu Parlamentu Europejskiego i Rady (UE) 2016\/679 z 27 kwietnia 2016 r. w sprawie ochrony os\u00f3b fizycznych w zwi\u0105zku z przetwarzaniem danych osobowych i w sprawie swobodnego przep\u0142ywu takich danych oraz uchylenia dyrektywy 95\/46\/WE (og\u00f3lne rozporz\u0105dzenie o ochronie danych) \u2013 \u201eRODO\u201d oraz w ustawie z dnia 16 lipca 2004 r. Prawo telekomunikacyjne. Dok\u0142adamy szczeg\u00f3lnej staranno\u015bci w celu ochrony Twoich interes\u00f3w w zakresie ochrony danych osobowych. Stosujemy \u015brodki techniczne i organizacyjne zapewniaj\u0105ce ochron\u0119 przetwarzanych danych osobowych odpowiednie do zagro\u017ce\u0144 oraz kategorii danych obj\u0119tych ochron\u0105, a w szczeg\u00f3lno\u015bci zabezpieczamy dane przed ich udost\u0119pnieniem osobom nieupowa\u017cnionym, zabraniem przez osob\u0119 nieuprawnion\u0105, przetwarzaniem z naruszeniem obowi\u0105zuj\u0105cych przepis\u00f3w oraz zmian\u0105, utrat\u0105, uszkodzeniem lub zniszczeniem.<\/p>\r\n\r\n\r\n\r\n<h3 class=\"has-medium-font-size wp-block-heading\"><strong>To\u017csamo\u015b\u0107 administratora danych<\/strong><\/h3>\r\n\r\n\r\n\r\n<p>Administratorem Twoich danych osobowych jest BANGKOK sp\u00f3\u0142ka z ograniczon\u0105 odpowiedzialno\u015bci\u0105 z siedzib\u0105 w Bydgoszczy, ul. Gda\u0144ska 36, 85-008 Bydgoszcz, wpisan\u0105 do Rejestru Przedsi\u0119biorc\u00f3w Krajowego Rejestru S\u0105dowego przez S\u0105d Rejonowy Gda\u0144sk-P\u00f3\u0142noc w Gda\u0144sku, VIII Wydzia\u0142 Gospodarczy KRS pod numerem KRS: 0000808012, kapita\u0142 zak\u0142adowy 5.000 z\u0142otych w pe\u0142ni op\u0142acony, NIP: 588 245 35 15, REGON 384591779.<\/p>\r\n\r\n\r\n\r\n<h3 class=\"has-medium-font-size wp-block-heading\"><strong>Dane kontaktowe administratora danych<\/strong><\/h3>\r\n\r\n\r\n\r\n<p>Mo\u017cesz skontaktowa\u0107 si\u0119 z Administratorem:<br \/>w formie pisemnej \u2013 adres do korespondencji:\u00a0 ul. Gda\u0144ska 36, 85-008 Bydgoszcz<br \/>drog\u0105 korespondencji e-mail \u2212 na adres: <a href=\"mailto:iod@spabangkok.pl\">iod@spabangkok.pl<\/a><\/p>\r\n\r\n\r\n\r\n<h3 class=\"has-medium-font-size wp-block-heading\"><strong>Cele przetwarzania danych i Podstawa prawna przetwarzania<\/strong><\/h3>\r\n\r\n\r\n\r\n<p>Podstaw\u0105 przetwarzania Twoich danych osobowych jest umo\u017cliwienie Ci korzystania ze us\u0142ug zawartych w Sklepie, w tym w celu wype\u0142nienia Formularza Zam\u00f3wie\u0144 oraz korzystania z us\u0142ugi Newsletter.<\/p>\r\n\r\n\r\n\r\n<p>Cele przetwarzania danych kt\u00f3re wskazujesz w Formularzu Zam\u00f3wie\u0144 zwi\u0105zane s\u0105:<\/p>\r\n\r\n\r\n\r\n<ol class=\"wp-block-list\">\r\n<li>z zawarciem umowy o \u015bwiadczenie Us\u0142ug Elektronicznych \u2013 us\u0142ugi Formularz Zam\u00f3wie\u0144, z zawarciem umowy sprzeda\u017cy lub z zawarciem umowy o dostarczenie tre\u015bci cyfrowych na warunkach okre\u015blonych w Regulaminie i jej wykonywaniem \u2013 podstaw\u0105 takiego przetwarzania jest z niezb\u0119dno\u015b\u0107 przetwarzania danych do zawarcia i wykonywania umowy \u2013 art. 6 ust. 1 lit b RODO;<\/li>\r\n<li>z kontaktem w celu realizacji kt\u00f3rejkolwiek z ww. um\u00f3w (w pkt a) \u2013 podstaw\u0105 takiego przetwarzania jest z niezb\u0119dno\u015b\u0107 przetwarzania danych do realizacji prawnie uzasadnionych interes\u00f3w Administratora \u2013 art. 6 ust. 1 lit f RODO; prawnie uzasadnionym interesem jest kontakt w celu realizacji Umowy.<\/li>\r\n<li>z archiwizacj\u0105 dokument\u00f3w, statystyk\u0105 oraz\u00a0 ewentualnym dochodzeniem roszcze\u0144 lub obron\u0105 przed roszczeniami zwi\u0105zanymi z wykonywaniem umowy \u2013 podstaw\u0105 takiego przetwarzania jest z niezb\u0119dno\u015b\u0107 przetwarzania danych do realizacji prawnie uzasadnionych interes\u00f3w Administratora \u2013 art. 6 ust. 1 lit f RODO; prawnie uzasadnionym interesem jest archiwizowanie dokument\u00f3w, prowadzenie statystyk i dochodzenie ewentualnych roszcze\u0144 lub obrona przed nimi.<\/li>\r\n<li>z dokonywaniem rozlicze\u0144, w tym rozlicze\u0144 podatkowych i prowadzenia dokumentacji ksi\u0119gowej \u2013 podstaw\u0105 takiego przetwarzania danych jest niezb\u0119dno\u015b\u0107 wype\u0142niania obowi\u0105zk\u00f3w prawnych ci\u0105\u017c\u0105cych na Administratorze wynikaj\u0105cych z przepis\u00f3w prawa \u2013 art. 6 ust. 1 lit. c RODO.<\/li>\r\n<\/ol>\r\n\r\n\r\n\r\n<p>Podstaw\u0105 przetwarzania zgodnie z Rozporz\u0105dzeniem Parlamentu Europejskiego i Rady (UE) 2016\/679 z dnia 27 kwietnia 2016 r. w sprawie ochrony os\u00f3b fizycznych w zwi\u0105zku z przetwarzaniem danych osobowych i w sprawie swobodnego przep\u0142ywu takich danych oraz uchylenia dyrektywy 95\/46\/WE (og\u00f3lne rozporz\u0105dzenie o ochronie danych, dalej: \u201eRODO\u201d, w powy\u017cszych punktach jest:\u00a0<\/p>\r\n\r\n\r\n\r\n<p>Ad a): niezb\u0119dno\u015b\u0107 przetwarzania danych do zawarcia i wykonywania umowy (art. 6 ust. 1 lit b RODO;<\/p>\r\n\r\n\r\n\r\n<p>Ad c) i c): niezb\u0119dno\u015b\u0107 przetwarzania danych do realizacji prawnie uzasadnionych interes\u00f3w Administratora \u2013 art. 6 ust. 1 lit f RODO;\u00a0<\/p>\r\n\r\n\r\n\r\n<p>Ad d): niezb\u0119dno\u015b\u0107 wype\u0142niania obowi\u0105zk\u00f3w prawnych ci\u0105\u017c\u0105cych na Administratorze wynikaj\u0105cych z przepis\u00f3w prawa \u2013 art. 6 ust. 1 lit. c RODO \u2013 punkt d)\u00a0<\/p>\r\n\r\n\r\n\r\n<p>W przypadku przetwarzania danych, kt\u00f3re wskazujesz w przy zapisywania si\u0119 na Newsletter \u2013 cele przetwarzania zwi\u0105zane s\u0105 z zawarciem i wykonywaniem umowy o \u015bwiadczenie Us\u0142ug Elektronicznych \u2013 Newsletter, na warunkach okre\u015blonych w Regulaminie \u2013 podstaw\u0105 takiego przetwarzania jest Twoja zgoda \u2013 art. 6 ust. 1 lit a RODO.<\/p>\r\n\r\n\r\n\r\n<p>Cel, zakres oraz kategorie odbiorc\u00f3w danych przetwarzanych przez Administratora b\u0119d\u0105 wynika\u0142y z dzia\u0142a\u0144 podejmowanych ka\u017cdorazowo przez Ciebie w ramach korzystania ze Sklepu.<\/p>\r\n\r\n\r\n\r\n<h3 class=\"has-medium-font-size wp-block-heading\"><strong>Czas przechowywania danych<\/strong><\/h3>\r\n\r\n\r\n\r\n<p>Twoje dane osobowe b\u0119d\u0105 przetwarzane przez okres niezb\u0119dny do realizacji cel\u00f3w, w kt\u00f3rych dane s\u0105 one przetwarzane albo do czasu wniesienia sprzeciwu, je\u015bli podstaw\u0105 przetwarzania jest prawnie uzasadniony interes Administratora lub wycofania zgody, je\u015bli podstaw\u0105 przetwarzania jest wyra\u017cona zgoda. P\u00f3\u017aniej Jednocze\u015bnie Administrator b\u0119dzie je przechowywa\u0107 dane osobowe do momentu przedawnienia ewentualnych roszcze\u0144 lub do momentu wyga\u015bni\u0119cia obowi\u0105zku przechowywania danych wynikaj\u0105cego z przepis\u00f3w prawa.<\/p>\r\n\r\n\r\n\r\n<h3 class=\"has-medium-font-size wp-block-heading\"><strong>Kategorie odbiorc\u00f3w<\/strong><\/h3>\r\n\r\n\r\n\r\n<p>Twoje dane osobowe by\u0107 przetwarzane przez podwykonawc\u00f3w Administratora tj.\u00a0 \u2013 s\u0105 to podmioty, z kt\u00f3rych us\u0142ug Administrator korzysta przy realizacji swoich obowi\u0105zk\u00f3w, np. pracownikom i wsp\u00f3\u0142pracownikom Administratora, dostawcom us\u0142ug IT, hostingodawcom, podmiotom \u015bwiadcz\u0105cym us\u0142ugi doradcze, prawnicze, dostawcom.\u00a0<\/p>\r\n\r\n\r\n\r\n<p>Jednocze\u015bnie wszelkie Twoje dane osobowe\u00a0 zawsze b\u0119d\u0105 przetwarzane przy zastosowaniu odpowiednich \u015brodk\u00f3w ochrony i bezpiecze\u0144stwa danych osobowych.<\/p>\r\n\r\n\r\n\r\n<p>Z uwagi na korzystanie z us\u0142ug systemu MailChimp, w przypadku zapisu na Newslettera Twoje dane mog\u0105 by\u0107 przekazywane do Stan\u00f3w Zjednoczonych Ameryki (USA) w zwi\u0105zku z ich przechowywaniem na ameryka\u0144skich serwerach. Dostawca systemu MailChimp przyst\u0105pi\u0142 do programu Privacy Shield i w ten spos\u00f3b gwarantuje odpowiedni poziom ochrony danych osobowych wymagany przez przepisy europejskie.\u00a0<\/p>\r\n\r\n\r\n\r\n<h3 class=\"has-medium-font-size wp-block-heading\"><strong>Twoje prawa<\/strong><\/h3>\r\n\r\n\r\n\r\n<p>Przys\u0142uguje Ci prawo:<\/p>\r\n\r\n\r\n\r\n<ol class=\"wp-block-list\">\r\n<li>dost\u0119pu do Twoich danych osobowych oraz prawo \u017c\u0105dania ich sprostowania, ich usuni\u0119cia lub ograniczenia ich przetwarzania;<\/li>\r\n<li>do przenoszenia danych osobowych;<\/li>\r\n<li>do wycofania zgody na przetwarzanie danych osobowych \u2013 w zakresie, w jakim podstaw\u0105 przetwarzania Twoich danych osobowych jest zgoda (wycofanie zgody nie ma wp\u0142ywu na zgodno\u015b\u0107 z prawem przetwarzania, kt\u00f3re zastosowano na podstawie zgody przed jej wycofaniem);<\/li>\r\n<li>wniesienia sprzeciwu wobec przetwarzania Twoich danych osobowych \u2013 w zakresie, w jakim podstaw\u0105 przetwarzania Twoich danych osobowych jest przes\u0142anka prawnie uzasadnionego interesu Administratora;<\/li>\r\n<li>wniesienia skargi do organu nadzorczego zajmuj\u0105cego si\u0119 ochron\u0105 danych osobowych (Prezesa Urz\u0119du Ochrony Danych Osobowych), je\u015bli s\u0105dzisz, \u017ce przetwarzanie danych narusza RODO.<\/li>\r\n<\/ol>\r\n\r\n\r\n\r\n<p>W celu skorzystania z uprawnie\u0144 skontaktuj si\u0119 z Administratorem.<\/p>\r\n\r\n\r\n\r\n<h2 class=\"has-large-font-size wp-block-heading\"><strong>Pliki cookies<\/strong><\/h2>\r\n\r\n\r\n\r\n<h3 class=\"has-medium-font-size wp-block-heading\"><strong>Czym s\u0105 pliki cookies?<\/strong><\/h3>\r\n\r\n\r\n\r\n<p>Podobnie jak wi\u0119kszo\u015b\u0107 stron internetowych, Sklep korzysta z tzw. technologii \u015bledz\u0105cych, czyli plik\u00f3w cookies co umo\u017cliwia ulepszanie strony pod k\u0105tem potrzeb u\u017cytkownik\u00f3w j\u0105 odwiedzaj\u0105cych.\u00a0<\/p>\r\n\r\n\r\n\r\n<p>Pliki typu cookies to ma\u0142e pliki tekstowo-numeryczne, kt\u00f3re s\u0105 zapisywane przez system teleinformatyczny w Twoim systemie teleinformatycznym (na komputerze, telefonie lub innym urz\u0105dzeniu, z kt\u00f3rego dokonano po\u0142\u0105czenia ze Sklepem) podczas przegl\u0105dania Sklepu i pozwalaj\u0105 na identyfikacj\u0119 w przypadku ponownego po\u0142\u0105czenia ze Sklepem z urz\u0105dzenia (np. komputera, telefonu), na kt\u00f3rym zosta\u0142y zapisane.<\/p>\r\n\r\n\r\n\r\n<h3 class=\"has-medium-font-size wp-block-heading\"><strong>Podstawa wykorzystywania plik\u00f3w cookies<\/strong><\/h3>\r\n\r\n\r\n\r\n<p>Pliki cookies s\u0105 wykorzystywane za Twoj\u0105 zgod\u0105. Twoja zgoda zostaje wyra\u017cona poprzez odpowiednie ustawienia oprogramowania, w szczeg\u00f3lno\u015bci przegl\u0105darki internetowej, zainstalowanego w urz\u0105dzeniu telekomunikacyjnym wykorzystywanym przez Ciebie do przegl\u0105dania tre\u015bci na Sklepie.<\/p>\r\n\r\n\r\n\r\n<h3 class=\"has-medium-font-size wp-block-heading\"><strong>Po co administrator korzysta z plik\u00f3w cookies?<\/strong><\/h3>\r\n\r\n\r\n\r\n<p>G\u0142\u00f3wnym celem korzystania przez Administratora z plik\u00f3w cookies jest zarz\u0105dzanie Sklepem oraz poprawianie jako\u015bci przekazywanych przez niego tre\u015bci. Pliki cookies s\u0105 niezb\u0119dne konieczne w do prawid\u0142owego wy\u015bwietlania i dzia\u0142ania Sklepu.\u00a0<\/p>\r\n\r\n\r\n\r\n<p>Administrator mo\u017ce przetwarza\u0107 dane zawarte w pikach cookies r\u00f3wnie\u017c: na potrzeby prowadzenia\u00a0 w celu prowadzenia anonimowych statystyk oraz analiz przedstawiaj\u0105cych ilustruj\u0105cych spos\u00f3b korzystania ze Sklepu, przeci\u0119tny czas trwania d\u0142ugo\u015b\u0107 trwania wizyty w Sklepie.\u00a0<\/p>\r\n\r\n\r\n\r\n<p>Pliki cookies nie s\u0105 wykorzystywane do okre\u015blenia to\u017csamo\u015bci u\u017cytkownik\u00f3w Sklepu.<\/p>\r\n\r\n\r\n\r\n<h3 class=\"has-medium-font-size wp-block-heading\"><strong>Jakiego rodzaju pliki cookies s\u0105 wykorzystywane w Sklepie?<\/strong><\/h3>\r\n\r\n\r\n\r\n<p>W Sklepie wykorzystywane s\u0105 nast\u0119puj\u0105cego rodzaju pliku cookies:<\/p>\r\n\r\n\r\n\r\n<ol class=\"wp-block-list\">\r\n<li>pliki cookies sesyjne, kt\u00f3re s\u0105 automatycznie usuwane po zamkni\u0119ciu przegl\u0105darki internetowej;<\/li>\r\n<li>pliki cookies trwa\u0142e, kt\u00f3re przechowywane s\u0105 w urz\u0105dzeniu przez okre\u015blony czas; przechowywanie tych plik\u00f3w nie jest zale\u017cne od zamkni\u0119cia przegl\u0105darki;<\/li>\r\n<li>pliki cookies w\u0142asne, kt\u00f3re s\u0105 ustawiane przez Sklep;<\/li>\r\n<li>pliki cookies podmiot\u00f3w trzecich, ustawiane przez inne serwisy, tj. Google Analytics, Facebook, Instagram.<\/li>\r\n<\/ol>\r\n\r\n\r\n\r\n<p>W Sklepie u\u017cywane s\u0105 pliki cookies w\u0142asne, jak i pliki podmiot\u00f3w trzecich.<\/p>\r\n\r\n\r\n\r\n<h3 class=\"has-medium-font-size wp-block-heading\"><strong>Z jakich narz\u0119dzi korzysta administrator?<\/strong><\/h3>\r\n\r\n\r\n\r\n<p>Administrator korzysta z narz\u0119dzia Google Analytics dostarczanego przez Google LLC, 1600 Amphitheatre Parkway, Mountain View, CA 94043, USA w celu tworzenia statystyk, analizowania funkcjonowania Sklepu, poprawiania jako\u015bci korzystania z niej (na podstawie prawnie uzasadnionego interesu).<\/p>\r\n\r\n\r\n\r\n<h3 class=\"has-medium-font-size wp-block-heading\"><strong>Jak zmieni\u0107 ustawienia plik\u00f3w cookies?<\/strong><\/h3>\r\n\r\n\r\n\r\n<p>Wi\u0119kszo\u015b\u0107 przegl\u0105darek domy\u015blnie akceptuje zapisywanie plik\u00f3w cookies. Mo\u017cesz w ka\u017cdym czasie cofn\u0105\u0107 lub zmieni\u0107 zakres wcze\u015bniej wyra\u017conej zgody na wykorzystywanie w Sklepie plik\u00f3w cookies oraz usun\u0105\u0107 je ze swojej przegl\u0105darki. Mo\u017cesz w ka\u017cdym czasie ograniczy\u0107 lub wy\u0142\u0105czy\u0107 cookies w swojej przegl\u0105darce przez takie jej ustawienia, aby blokowa\u0142a cookies lub ostrzega\u0142a Ci\u0119 przed zapisaniem pliku cookies na urz\u0105dzeniu, z kt\u00f3rego korzystasz. W takim przypadku mo\u017ce si\u0119 jednak zdarzy\u0107, \u017ce nie b\u0119dziesz mia\u0142 dost\u0119pu do niekt\u00f3rych tre\u015bci na Sklepie, a w skrajnych przypadkach mo\u017ce zosta\u0107 ca\u0142kowicie zablokowane poprawne wy\u015bwietlanie Sklepu.<\/p>\r\n\r\n\r\n\r\n<h3 class=\"has-medium-font-size wp-block-heading\"><strong>Logi serwera<\/strong><\/h3>\r\n\r\n\r\n\r\n<p>Korzystanie ze Sklepu wi\u0105\u017ce si\u0119 z przesy\u0142aniem zapyta\u0144 do serwera, na kt\u00f3rym przechowywana jest Sklep. Ka\u017cde zapytanie skierowane do serwera zapisywane jest w logach serwera. Logi obejmuj\u0105 m.in. Tw\u00f3j adres IP, dat\u0119 i czas serwera, informacje o przegl\u0105darce internetowej i systemie operacyjnym z jakiego korzystasz. Logi zapisywane i przechowywane s\u0105 na serwerze. Dane zapisane w logach serwera nie s\u0105 kojarzone z konkretnymi osobami korzystaj\u0105cymi ze strony i nie s\u0105 wykorzystywane przeze mnie w celu Twojej identyfikacji. Logi serwera stanowi\u0105 wy\u0142\u0105cznie materia\u0142 pomocniczy s\u0142u\u017c\u0105cy do administrowania stron\u0105, a ich zawarto\u015b\u0107 nie jest ujawniana nikomu poza osobami upowa\u017cnionymi do administrowania serwerem.<\/p>\r\n\r\n\r\n\r\n<p>Administrator mo\u017ce wprowadza\u0107 zmiany w polityce prywatno\u015bci m.in. z powodu zmian w powszechnie obowi\u0105zuj\u0105cym prawie lub rozwoju strony internetowej.<\/p>","protected":false},"excerpt":{"rendered":"<p>Niniejszy dokument zawiera obowi\u0105zuj\u0105ce w Sklepie i serwisie pod domen\u0105\u00a0spabangkok.pl zasady zbierania i wykorzystywania danych o jego u\u017cytkownikach, w tym przy sk\u0142adaniu przez nich zam\u00f3wie\u0144 na produkty lub tre\u015bci cyfrowe oferowane w Sklepie. Polityka Prywatno\u015bci stanowi dokument powi\u0105zany z Regulaminem Sklepu salonu Bangkok Masa\u017c Tajski &amp; Spa oraz pos\u0142uguje si\u0119 wyra\u017ceniami w niej zdefiniowanymi. Celem [&hellip;]<\/p>\n","protected":false},"author":1,"featured_media":0,"parent":0,"menu_order":0,"comment_status":"closed","ping_status":"closed","template":"","meta":{"_acf_changed":false,"footnotes":""},"class_list":["post-1172","page","type-page","status-publish","hentry"],"acf":[],"yoast_head":"<!-- This site is optimized with the Yoast SEO plugin v27.3 - https:\/\/yoast.com\/product\/yoast-seo-wordpress\/ -->\n<title>Polityka prywatno\u015bci - Bangkok Masa\u017c\u00a0Tajski &amp; SPA<\/title>\n<meta name=\"robots\" content=\"noindex, follow, max-snippet:-1, max-image-preview:large, max-video-preview:-1\" \/>\n<meta property=\"og:locale\" content=\"en_US\" \/>\n<meta property=\"og:type\" content=\"article\" \/>\n<meta property=\"og:title\" content=\"Polityka prywatno\u015bci - Bangkok Masa\u017c\u00a0Tajski &amp; SPA\" \/>\n<meta property=\"og:description\" content=\"Niniejszy dokument zawiera obowi\u0105zuj\u0105ce w Sklepie i serwisie pod domen\u0105\u00a0spabangkok.pl zasady zbierania i wykorzystywania danych o jego u\u017cytkownikach, w tym przy sk\u0142adaniu przez nich zam\u00f3wie\u0144 na produkty lub tre\u015bci cyfrowe oferowane w Sklepie. Polityka Prywatno\u015bci stanowi dokument powi\u0105zany z Regulaminem Sklepu salonu Bangkok Masa\u017c Tajski &amp; Spa oraz pos\u0142uguje si\u0119 wyra\u017ceniami w niej zdefiniowanymi. Celem [&hellip;]\" \/>\n<meta property=\"og:url\" content=\"https:\/\/old.spabangkok.pl\/en\/polityka-prywatnosci\/\" \/>\n<meta property=\"og:site_name\" content=\"Bangkok Masa\u017c\u00a0Tajski &amp; SPA\" \/>\n<meta property=\"article:modified_time\" content=\"2023-02-17T13:42:14+00:00\" \/>\n<meta name=\"twitter:card\" content=\"summary_large_image\" \/>\n<meta name=\"twitter:label1\" content=\"Est. reading time\" \/>\n\t<meta name=\"twitter:data1\" content=\"10 minutes\" \/>\n<script type=\"application\/ld+json\" class=\"yoast-schema-graph\">{\"@context\":\"https:\\\/\\\/schema.org\",\"@graph\":[{\"@type\":\"WebPage\",\"@id\":\"https:\\\/\\\/old.spabangkok.pl\\\/en\\\/polityka-prywatnosci\\\/\",\"url\":\"https:\\\/\\\/old.spabangkok.pl\\\/en\\\/polityka-prywatnosci\\\/\",\"name\":\"Polityka prywatno\u015bci - Bangkok Masa\u017c\u00a0Tajski &amp; SPA\",\"isPartOf\":{\"@id\":\"http:\\\/\\\/old.spabangkok.pl\\\/#website\"},\"datePublished\":\"2022-05-13T12:05:37+00:00\",\"dateModified\":\"2023-02-17T13:42:14+00:00\",\"breadcrumb\":{\"@id\":\"https:\\\/\\\/old.spabangkok.pl\\\/en\\\/polityka-prywatnosci\\\/#breadcrumb\"},\"inLanguage\":\"en-US\",\"potentialAction\":[{\"@type\":\"ReadAction\",\"target\":[\"https:\\\/\\\/old.spabangkok.pl\\\/en\\\/polityka-prywatnosci\\\/\"]}]},{\"@type\":\"BreadcrumbList\",\"@id\":\"https:\\\/\\\/old.spabangkok.pl\\\/en\\\/polityka-prywatnosci\\\/#breadcrumb\",\"itemListElement\":[{\"@type\":\"ListItem\",\"position\":1,\"name\":\"Strona g\u0142\u00f3wna\",\"item\":\"http:\\\/\\\/old.spabangkok.pl\\\/\"},{\"@type\":\"ListItem\",\"position\":2,\"name\":\"Polityka prywatno\u015bci\"}]},{\"@type\":\"WebSite\",\"@id\":\"http:\\\/\\\/old.spabangkok.pl\\\/#website\",\"url\":\"http:\\\/\\\/old.spabangkok.pl\\\/\",\"name\":\"Bangkok Masa\u017c\u00a0Tajski &amp; SPA\",\"description\":\"Azjatycka oaza w\u00a0mie\u015bcie\",\"publisher\":{\"@id\":\"http:\\\/\\\/old.spabangkok.pl\\\/#organization\"},\"potentialAction\":[{\"@type\":\"SearchAction\",\"target\":{\"@type\":\"EntryPoint\",\"urlTemplate\":\"http:\\\/\\\/old.spabangkok.pl\\\/?s={search_term_string}\"},\"query-input\":{\"@type\":\"PropertyValueSpecification\",\"valueRequired\":true,\"valueName\":\"search_term_string\"}}],\"inLanguage\":\"en-US\"},{\"@type\":\"Organization\",\"@id\":\"http:\\\/\\\/old.spabangkok.pl\\\/#organization\",\"name\":\"Bangkok Thai Massage & SPA\",\"url\":\"http:\\\/\\\/old.spabangkok.pl\\\/\",\"logo\":{\"@type\":\"ImageObject\",\"inLanguage\":\"en-US\",\"@id\":\"http:\\\/\\\/old.spabangkok.pl\\\/#\\\/schema\\\/logo\\\/image\\\/\",\"url\":\"http:\\\/\\\/old.spabangkok.pl\\\/wp-content\\\/uploads\\\/2022\\\/04\\\/bangkok-logo.svg\",\"contentUrl\":\"http:\\\/\\\/old.spabangkok.pl\\\/wp-content\\\/uploads\\\/2022\\\/04\\\/bangkok-logo.svg\",\"width\":150,\"height\":120,\"caption\":\"Bangkok Thai Massage & SPA\"},\"image\":{\"@id\":\"http:\\\/\\\/old.spabangkok.pl\\\/#\\\/schema\\\/logo\\\/image\\\/\"}}]}<\/script>\n<!-- \/ Yoast SEO plugin. -->","yoast_head_json":{"title":"Polityka prywatno\u015bci - Bangkok Masa\u017c\u00a0Tajski &amp; SPA","robots":{"index":"noindex","follow":"follow","max-snippet":"max-snippet:-1","max-image-preview":"max-image-preview:large","max-video-preview":"max-video-preview:-1"},"og_locale":"en_US","og_type":"article","og_title":"Polityka prywatno\u015bci - Bangkok Masa\u017c\u00a0Tajski &amp; SPA","og_description":"Niniejszy dokument zawiera obowi\u0105zuj\u0105ce w Sklepie i serwisie pod domen\u0105\u00a0spabangkok.pl zasady zbierania i wykorzystywania danych o jego u\u017cytkownikach, w tym przy sk\u0142adaniu przez nich zam\u00f3wie\u0144 na produkty lub tre\u015bci cyfrowe oferowane w Sklepie. Polityka Prywatno\u015bci stanowi dokument powi\u0105zany z Regulaminem Sklepu salonu Bangkok Masa\u017c Tajski &amp; Spa oraz pos\u0142uguje si\u0119 wyra\u017ceniami w niej zdefiniowanymi. Celem [&hellip;]","og_url":"https:\/\/old.spabangkok.pl\/en\/polityka-prywatnosci\/","og_site_name":"Bangkok Masa\u017c\u00a0Tajski &amp; SPA","article_modified_time":"2023-02-17T13:42:14+00:00","twitter_card":"summary_large_image","twitter_misc":{"Est. reading time":"10 minutes"},"schema":{"@context":"https:\/\/schema.org","@graph":[{"@type":"WebPage","@id":"https:\/\/old.spabangkok.pl\/en\/polityka-prywatnosci\/","url":"https:\/\/old.spabangkok.pl\/en\/polityka-prywatnosci\/","name":"Polityka prywatno\u015bci - Bangkok Masa\u017c\u00a0Tajski &amp; SPA","isPartOf":{"@id":"http:\/\/old.spabangkok.pl\/#website"},"datePublished":"2022-05-13T12:05:37+00:00","dateModified":"2023-02-17T13:42:14+00:00","breadcrumb":{"@id":"https:\/\/old.spabangkok.pl\/en\/polityka-prywatnosci\/#breadcrumb"},"inLanguage":"en-US","potentialAction":[{"@type":"ReadAction","target":["https:\/\/old.spabangkok.pl\/en\/polityka-prywatnosci\/"]}]},{"@type":"BreadcrumbList","@id":"https:\/\/old.spabangkok.pl\/en\/polityka-prywatnosci\/#breadcrumb","itemListElement":[{"@type":"ListItem","position":1,"name":"Strona g\u0142\u00f3wna","item":"http:\/\/old.spabangkok.pl\/"},{"@type":"ListItem","position":2,"name":"Polityka prywatno\u015bci"}]},{"@type":"WebSite","@id":"http:\/\/old.spabangkok.pl\/#website","url":"http:\/\/old.spabangkok.pl\/","name":"Bangkok Masa\u017c\u00a0Tajski &amp; SPA","description":"Azjatycka oaza w\u00a0mie\u015bcie","publisher":{"@id":"http:\/\/old.spabangkok.pl\/#organization"},"potentialAction":[{"@type":"SearchAction","target":{"@type":"EntryPoint","urlTemplate":"http:\/\/old.spabangkok.pl\/?s={search_term_string}"},"query-input":{"@type":"PropertyValueSpecification","valueRequired":true,"valueName":"search_term_string"}}],"inLanguage":"en-US"},{"@type":"Organization","@id":"http:\/\/old.spabangkok.pl\/#organization","name":"Bangkok Thai Massage & SPA","url":"http:\/\/old.spabangkok.pl\/","logo":{"@type":"ImageObject","inLanguage":"en-US","@id":"http:\/\/old.spabangkok.pl\/#\/schema\/logo\/image\/","url":"http:\/\/old.spabangkok.pl\/wp-content\/uploads\/2022\/04\/bangkok-logo.svg","contentUrl":"http:\/\/old.spabangkok.pl\/wp-content\/uploads\/2022\/04\/bangkok-logo.svg","width":150,"height":120,"caption":"Bangkok Thai Massage & SPA"},"image":{"@id":"http:\/\/old.spabangkok.pl\/#\/schema\/logo\/image\/"}}]}},"_links":{"self":[{"href":"http:\/\/old.spabangkok.pl\/en\/wp-json\/wp\/v2\/pages\/1172","targetHints":{"allow":["GET"]}}],"collection":[{"href":"http:\/\/old.spabangkok.pl\/en\/wp-json\/wp\/v2\/pages"}],"about":[{"href":"http:\/\/old.spabangkok.pl\/en\/wp-json\/wp\/v2\/types\/page"}],"author":[{"embeddable":true,"href":"http:\/\/old.spabangkok.pl\/en\/wp-json\/wp\/v2\/users\/1"}],"replies":[{"embeddable":true,"href":"http:\/\/old.spabangkok.pl\/en\/wp-json\/wp\/v2\/comments?post=1172"}],"version-history":[{"count":2,"href":"http:\/\/old.spabangkok.pl\/en\/wp-json\/wp\/v2\/pages\/1172\/revisions"}],"predecessor-version":[{"id":5550,"href":"http:\/\/old.spabangkok.pl\/en\/wp-json\/wp\/v2\/pages\/1172\/revisions\/5550"}],"wp:attachment":[{"href":"http:\/\/old.spabangkok.pl\/en\/wp-json\/wp\/v2\/media?parent=1172"}],"curies":[{"name":"wp","href":"https:\/\/api.w.org\/{rel}","templated":true}]}}